{"id":977,"date":"2022-04-29T09:25:00","date_gmt":"2022-04-29T09:25:00","guid":{"rendered":"https:\/\/blackboxvac.boostsalon.com\/?product=cyclone-vacuum-system"},"modified":"2025-10-07T21:11:20","modified_gmt":"2025-10-08T01:11:20","slug":"cyclone-vacuum-pump","status":"publish","type":"product","link":"https:\/\/blackboxvac.com\/es\/producto\/cyclone-vacuum-pump\/","title":{"rendered":"Cyclone bomba de vac\u00edo"},"content":{"rendered":"<section class=\"well\">\n<div class=\"container whychoose\">\n<div class=\"row\">\n<div class=\"col-md-6 col-sm-6 col-xs-12 wow fadeIn\">\n<h2>Acerca de<\/h2>\n<p>Black Box Vacuum Solutions se enorgullece de presentar el nuevo Cyclone, ahora disponible con un nuevo y elegante dise\u00f1o de acero. Esta bomba de vac\u00edo monof\u00e1sica es ideal para tama\u00f1os de mesa CNC desde 3&#039;x 5\u2032 hasta 4&#039;x 6\u2032 (o 15 ft\u00b2 a 24 ft\u00b2). Con solo presionar el bot\u00f3n, tiene a su disposici\u00f3n la potencia de tres motores de alto rendimiento y larga duraci\u00f3n. Con 9,5-10 inHg y aproximadamente 300 CFM, el Cyclone proporciona excelentes capacidades de sujeci\u00f3n para la mayor\u00eda de las aplicaciones. Al ocupar poco espacio, puede caber debajo de la mayor\u00eda de las m\u00e1quinas CNC donde el espacio es una comodidad. Este sistema realmente est\u00e1 en el punto ideal; si no estuvieras seguro si un <a class=\"inlinelink\" href=\"\/es\/storm.html\/\">Storm<\/a> era lo suficientemente potente pero no quiere el nivel del <a class=\"inlinelink\" href=\"\/es\/hurricane.html\/\">Hurricane<\/a>, el Cyclone es la soluci\u00f3n perfecta para sus necesidades de sujeci\u00f3n.<\/p>\n<\/div>\n<div class=\"col-md-6 col-sm-6 col-xs-12 wow fadeIn\">\n<h2>Un sistema completo<\/h2>\n<p>El Cyclone viene equipado con una base amortiguadora de sonido, un sistema de v\u00e1lvula de alivio, un indicador de vacio y un filtro en l\u00ednea est\u00e1ndar, lo que lo convierte en un sistema de vac\u00edo completo sin necesidad de compras adicionales.<\/p>\n<h2>Filtraci\u00f3n de aire de admisi\u00f3n<\/h2>\n<p>An inline canister filter is included with the Cyclone Vacuum Pump. This industrial-grade filter protects your investment and is guaranteed to extend the life of your Cyclone Pump\u2019s motors by preventing debris from entering the pump and causing damage.<\/p>\n<\/div>\n<\/div>\n<\/div>\n<\/section>\n<section class=\"well\">\n<div class=\"container whychoose\">\n<div class=\"row\">\n<div class=\"col-md-6 col-sm-6 col-xs-12 wow fadeIn\">\n<h2>Especificaciones<\/h2>\n<ul>\n<li>~300 pies c\u00fabicos por minuto<\/li>\n<li>Dimensiones: 27\u2033x 17\u2033x 17\u2033<\/li>\n<li>Vac\u00edo sellado de 9,5 a 10 inHg<\/li>\n<li>Puerto de entrada de acero roscado de 3\u2033<\/li>\n<li>Sistema monof\u00e1sico 220 \u2013 240 VCA \/ 30 Amperios<\/li>\n<li>Enchufe NEMA L6-30P (especificaci\u00f3n de EE. UU. y Canad\u00e1)<\/li>\n<li>3 motores de vac\u00edo de alto rendimiento y larga duraci\u00f3n<\/li>\n<\/ul>\n<\/div>\n<div class=\"col-md-6 col-sm-6 col-xs-12 wow fadeIn\">\n<h2>Caracter\u00edsticas<\/h2>\n<ul>\n<li>Base de amortiguaci\u00f3n de sonido<\/li>\n<li>Indicador de vacio integrado<\/li>\n<li>Filtro de recipiente en l\u00ednea incluido<\/li>\n<li>Durable Powder coated Finish<\/li>\n<li>Sistema de v\u00e1lvula de alivio integrado<\/li>\n<li>Nuevo y elegante dise\u00f1o industrial de acero s\u00f3lido<\/li>\n<li>Interruptor de alimentaci\u00f3n con tecnolog\u00eda de disyunci\u00f3n<\/li>\n<li>Sistema de ventilaci\u00f3n de aire de alto flujo con filtros reemplazables<\/li>\n<\/ul>\n<\/div>\n<\/div>\n<\/div>\n<\/section>\n<p>&nbsp;<\/p>","protected":false},"excerpt":{"rendered":"<p>About Black Box Vacuum Solutions is proud to introduce the all new Cyclone, now available in the sleek new steel design. This single phase vacuum pump is ideal for CNC table sizes from 3&#8217;x 5&#8242; up to 4&#8217;x 6&#8242; (or 15 ft\u00b2 to 24 ft\u00b2). With the press of the button you have the power [&hellip;]<\/p>\n","protected":false},"featured_media":1471,"template":"","meta":{"_seopress_robots_primary_cat":"none","_seopress_titles_title":"Buy Cyclone Vacuum Pump | Black Box Vacuum","_seopress_titles_desc":"Discover the powerful Black Box Vacuum Cyclone Vacuum pump, perfect for CNC tables from 3'x5' to 4'x6'. Achieve optimal vacuum pressure up to 10 in Hg with 300 CFM airflow. Buy Cyclone Vacuum Pump today for efficient, reliable performance.","_seopress_robots_index":"","site-sidebar-layout":"default","site-content-layout":"default","ast-site-content-layout":"default","site-content-style":"default","site-sidebar-style":"default","ast-global-header-display":"","ast-banner-title-visibility":"","ast-main-header-display":"","ast-hfb-above-header-display":"","ast-hfb-below-header-display":"","ast-hfb-mobile-header-display":"","site-post-title":"","ast-breadcrumbs-content":"","ast-featured-img":"","footer-sml-layout":"","ast-disable-related-posts":"","theme-transparent-header-meta":"default","adv-header-id-meta":"","stick-header-meta":"","header-above-stick-meta":"","header-main-stick-meta":"","header-below-stick-meta":"","astra-migrate-meta-layouts":"set","ast-page-background-enabled":"default","ast-page-background-meta":{"desktop":{"background-color":"","background-image":"","background-repeat":"repeat","background-position":"center center","background-size":"auto","background-attachment":"scroll","background-type":"","background-media":"","overlay-type":"","overlay-color":"","overlay-opacity":"","overlay-gradient":""},"tablet":{"background-color":"","background-image":"","background-repeat":"repeat","background-position":"center center","background-size":"auto","background-attachment":"scroll","background-type":"","background-media":"","overlay-type":"","overlay-color":"","overlay-opacity":"","overlay-gradient":""},"mobile":{"background-color":"","background-image":"","background-repeat":"repeat","background-position":"center center","background-size":"auto","background-attachment":"scroll","background-type":"","background-media":"","overlay-type":"","overlay-color":"","overlay-opacity":"","overlay-gradient":""}},"ast-content-background-meta":{"desktop":{"background-color":"var(--ast-global-color-5)","background-image":"","background-repeat":"repeat","background-position":"center center","background-size":"auto","background-attachment":"scroll","background-type":"","background-media":"","overlay-type":"","overlay-color":"","overlay-opacity":"","overlay-gradient":""},"tablet":{"background-color":"var(--ast-global-color-5)","background-image":"","background-repeat":"repeat","background-position":"center center","background-size":"auto","background-attachment":"scroll","background-type":"","background-media":"","overlay-type":"","overlay-color":"","overlay-opacity":"","overlay-gradient":""},"mobile":{"background-color":"var(--ast-global-color-5)","background-image":"","background-repeat":"repeat","background-position":"center center","background-size":"auto","background-attachment":"scroll","background-type":"","background-media":"","overlay-type":"","overlay-color":"","overlay-opacity":"","overlay-gradient":""}}},"product_brand":[],"product_cat":[61,59],"product_tag":[],"class_list":{"0":"post-977","1":"product","2":"type-product","3":"status-publish","4":"has-post-thumbnail","6":"product_cat-cyclone-vacuum-pump","7":"product_cat-vacuum-pumps","8":"desktop-align-center","9":"tablet-align-center","10":"mobile-align-center","12":"first","13":"instock","14":"taxable","15":"shipping-taxable","16":"purchasable","17":"product-type-variable","18":"has-default-attributes"},"_links":{"self":[{"href":"https:\/\/blackboxvac.com\/es\/wp-json\/wp\/v2\/product\/977","targetHints":{"allow":["GET"]}}],"collection":[{"href":"https:\/\/blackboxvac.com\/es\/wp-json\/wp\/v2\/product"}],"about":[{"href":"https:\/\/blackboxvac.com\/es\/wp-json\/wp\/v2\/types\/product"}],"wp:featuredmedia":[{"embeddable":true,"href":"https:\/\/blackboxvac.com\/es\/wp-json\/wp\/v2\/media\/1471"}],"wp:attachment":[{"href":"https:\/\/blackboxvac.com\/es\/wp-json\/wp\/v2\/media?parent=977"}],"wp:term":[{"taxonomy":"product_brand","embeddable":true,"href":"https:\/\/blackboxvac.com\/es\/wp-json\/wp\/v2\/product_brand?post=977"},{"taxonomy":"product_cat","embeddable":true,"href":"https:\/\/blackboxvac.com\/es\/wp-json\/wp\/v2\/product_cat?post=977"},{"taxonomy":"product_tag","embeddable":true,"href":"https:\/\/blackboxvac.com\/es\/wp-json\/wp\/v2\/product_tag?post=977"}],"curies":[{"name":"wp","href":"https:\/\/api.w.org\/{rel}","templated":true}]}}