{"id":6982,"date":"2023-11-27T17:35:36","date_gmt":"2023-11-27T22:35:36","guid":{"rendered":"https:\/\/blackboxvac.com\/?post_type=product&#038;p=6982"},"modified":"2025-10-07T22:34:56","modified_gmt":"2025-10-08T02:34:56","slug":"exhaust-kit-for-hurricane-vacuum-pump","status":"publish","type":"product","link":"https:\/\/blackboxvac.com\/es\/producto\/exhaust-kit-for-hurricane-vacuum-pump\/","title":{"rendered":"Kit de escape para bomba de vac\u00edo Hurricane"},"content":{"rendered":"<p>Kit de escape para nuestro sistema de vac\u00edo Hurricane. 25 pies de conducto flexible para dirigir el escape al exterior. Ayudar\u00e1 a reducir el ruido y disfrutar\u00e1 de todo ese aire caliente afuera para mantener su tienda m\u00e1s fresca.<\/p>\n<h2>Incluido<\/h2>\n<ul>\n<li>Boquilla de acero de 3\u2033<\/li>\n<li>Abrazadera de gusano de 3\u2033- 4\u2033 x 2<\/li>\n<li>Conducto flexible de 25\u2033<\/li>\n<\/ul>","protected":false},"excerpt":{"rendered":"<p>Exhaust kit for our Hurricane Vacuum System. 25 feet of flexible duct to direct the exhaust outside. Will help with noise reduction, and divert all that hot air outside to keep your shop cooler. Kit Includes 3&#8243; steel nipple 3&#8243;- 4&#8243; worm clamp x 2 25&#8243; Flexible duct<\/p>","protected":false},"featured_media":6981,"template":"","meta":{"_seopress_robots_primary_cat":"86","_seopress_titles_title":"Exhaust | CNC Vacuum Pump Accessories | Black Box Vacuum","_seopress_titles_desc":"Discover high-quality exhaust systems at Black Box Vacuum. Explore our wide range of exhaust products designed for efficiency and performance. Perfect fit for any system - shop now!","_seopress_robots_index":"","site-sidebar-layout":"default","site-content-layout":"","ast-site-content-layout":"default","site-content-style":"default","site-sidebar-style":"default","ast-global-header-display":"","ast-banner-title-visibility":"","ast-main-header-display":"","ast-hfb-above-header-display":"","ast-hfb-below-header-display":"","ast-hfb-mobile-header-display":"","site-post-title":"","ast-breadcrumbs-content":"","ast-featured-img":"","footer-sml-layout":"","ast-disable-related-posts":"","theme-transparent-header-meta":"default","adv-header-id-meta":"","stick-header-meta":"","header-above-stick-meta":"","header-main-stick-meta":"","header-below-stick-meta":"","astra-migrate-meta-layouts":"set","ast-page-background-enabled":"default","ast-page-background-meta":{"desktop":{"background-color":"","background-image":"","background-repeat":"repeat","background-position":"center center","background-size":"auto","background-attachment":"scroll","background-type":"","background-media":"","overlay-type":"","overlay-color":"","overlay-opacity":"","overlay-gradient":""},"tablet":{"background-color":"","background-image":"","background-repeat":"repeat","background-position":"center center","background-size":"auto","background-attachment":"scroll","background-type":"","background-media":"","overlay-type":"","overlay-color":"","overlay-opacity":"","overlay-gradient":""},"mobile":{"background-color":"","background-image":"","background-repeat":"repeat","background-position":"center center","background-size":"auto","background-attachment":"scroll","background-type":"","background-media":"","overlay-type":"","overlay-color":"","overlay-opacity":"","overlay-gradient":""}},"ast-content-background-meta":{"desktop":{"background-color":"var(--ast-global-color-5)","background-image":"","background-repeat":"repeat","background-position":"center center","background-size":"auto","background-attachment":"scroll","background-type":"","background-media":"","overlay-type":"","overlay-color":"","overlay-opacity":"","overlay-gradient":""},"tablet":{"background-color":"var(--ast-global-color-5)","background-image":"","background-repeat":"repeat","background-position":"center center","background-size":"auto","background-attachment":"scroll","background-type":"","background-media":"","overlay-type":"","overlay-color":"","overlay-opacity":"","overlay-gradient":""},"mobile":{"background-color":"var(--ast-global-color-5)","background-image":"","background-repeat":"repeat","background-position":"center center","background-size":"auto","background-attachment":"scroll","background-type":"","background-media":"","overlay-type":"","overlay-color":"","overlay-opacity":"","overlay-gradient":""}}},"product_brand":[],"product_cat":[86],"product_tag":[],"class_list":{"0":"post-6982","1":"product","2":"type-product","3":"status-publish","4":"has-post-thumbnail","6":"product_cat-exhaust","7":"desktop-align-center","8":"tablet-align-center","9":"mobile-align-center","11":"first","12":"instock","13":"taxable","14":"shipping-taxable","15":"purchasable","16":"product-type-simple"},"_links":{"self":[{"href":"https:\/\/blackboxvac.com\/es\/wp-json\/wp\/v2\/product\/6982","targetHints":{"allow":["GET"]}}],"collection":[{"href":"https:\/\/blackboxvac.com\/es\/wp-json\/wp\/v2\/product"}],"about":[{"href":"https:\/\/blackboxvac.com\/es\/wp-json\/wp\/v2\/types\/product"}],"wp:featuredmedia":[{"embeddable":true,"href":"https:\/\/blackboxvac.com\/es\/wp-json\/wp\/v2\/media\/6981"}],"wp:attachment":[{"href":"https:\/\/blackboxvac.com\/es\/wp-json\/wp\/v2\/media?parent=6982"}],"wp:term":[{"taxonomy":"product_brand","embeddable":true,"href":"https:\/\/blackboxvac.com\/es\/wp-json\/wp\/v2\/product_brand?post=6982"},{"taxonomy":"product_cat","embeddable":true,"href":"https:\/\/blackboxvac.com\/es\/wp-json\/wp\/v2\/product_cat?post=6982"},{"taxonomy":"product_tag","embeddable":true,"href":"https:\/\/blackboxvac.com\/es\/wp-json\/wp\/v2\/product_tag?post=6982"}],"curies":[{"name":"wp","href":"https:\/\/api.w.org\/{rel}","templated":true}]}}