{"id":6380,"date":"2023-11-20T17:23:34","date_gmt":"2023-11-20T22:23:34","guid":{"rendered":"https:\/\/blackboxvac.com\/?post_type=product&#038;p=6380"},"modified":"2025-10-07T22:37:21","modified_gmt":"2025-10-08T02:37:21","slug":"all-star-tile-gasket","status":"publish","type":"product","link":"https:\/\/blackboxvac.com\/es\/producto\/all-star-tile-gasket\/","title":{"rendered":"All Star Tile Gasket 1\/16&#8243; Thick"},"content":{"rendered":"<h2>Especificaciones<\/h2>\n<ul>\n<li>Juntas de azulejos<\/li>\n<li>.062\u2033 (1\/16\u2033) de espesor<\/li>\n<li>24\u2033 x 24\u2033 Hojas no porosas con respaldo adhesivo<\/li>\n<li>1\/4 \u2033 de di\u00e1metro. Agujeros en el centro de 1\u2033 (650)<\/li>\n<\/ul>\n<h2>Kits disponibles<\/h2>\n<ul>\n<li>Se necesitan 8 fichas para un tablero de 4 \u2032 x 8 \u2032<\/li>\n<li>Se necesitan 13 fichas para un tablero de 5 \u2032 x 10 \u2032<\/li>\n<li>Se necesitan 15 fichas para un tablero de 5 \u2032 x 12 \u2032<\/li>\n<li>Se necesitan 18 fichas para un tablero de 6 \u2032 x 12 \u2032<\/li>\n<\/ul>\n<p>Hay dos ventajas al utilizar el concepto de juntas para baldosas:<\/p>\n<p>1) Eficiencia de vac\u00edo mejorada al crear un \u00e1rea de c\u00e1mara de sujeci\u00f3n de vac\u00edo con junta debajo de cualquier pieza.<\/p>\n<p>2) Las losas sellan la superficie sobre un tablero poroso, como el MDF. Un panel de spoiler con superficie sellada para evitar la p\u00e9rdida de presi\u00f3n de vac\u00edo a trav\u00e9s de la superficie del panel de spoiler a medida que se enrutan las piezas. Esta fuga es la raz\u00f3n por la que el final de un nido no corta con la misma calidad que el inicio de un programa: p\u00e9rdida continua de vac\u00edo a trav\u00e9s de la superficie del spoilboard a medida que las trayectorias de las herramientas quedan expuestas.<\/p>\n<p>Estas baldosas cubrir\u00e1n toda una superficie porosa de MDF, creando miles de mini ventosas para sujetar las piezas. Cuando los clientes realizan fabricaci\u00f3n de bases anidadas, pero desean el beneficio de la sujeci\u00f3n por vac\u00edo, estas losetas son la soluci\u00f3n. No solo crear\u00e1n abrazaderas de vac\u00edo para sujetar las l\u00e1minas, sino que tambi\u00e9n evitar\u00e1n que se produzcan fugas de vac\u00edo a trav\u00e9s de los canales de un panel expuesto. Un sistema mejorado de sujeci\u00f3n por vac\u00edo en un entorno laboral en constante cambio es la raz\u00f3n por la que los usuarios de este art\u00edculo lo incorporan a su proceso de fabricaci\u00f3n de base anidada.<\/p>\n<p>&nbsp;<\/p>\n<div>\n<div class=\"ast-oembed-container\" style=\"height: 100%;\"><iframe title=\"Tile Gasketing To Improve Spoilboard Vacuum Hold On CNC Routers\" width=\"500\" height=\"281\" src=\"https:\/\/www.youtube.com\/embed\/SbRFchZAfUU?feature=oembed&#038;enablejsapi=1&#038;origin=https:\/\/blackboxvac.com\" frameborder=\"0\" allow=\"accelerometer; autoplay; clipboard-write; encrypted-media; gyroscope; picture-in-picture; web-share\" referrerpolicy=\"strict-origin-when-cross-origin\" allowfullscreen><\/iframe><\/div>\n<div class=\"video-transcript\">\n<p>View Transcript Here:<\/p>\n<p>Hey guys, Mike Murphy here, the coach at All-Star CNC Products.<br \/>\nToday we&#8217;re at Erickson Framing here in Roseville, California.<br \/>\nWe&#8217;re running the CNT Motion Systems 20 foot by 4 foot table. These guys are working on doing varied stair stringers, varied risers, varied runs, varied lengths. So in attempts to hold as many parts as we can &#8211; varied sizes in a single pass, no onion skins or tap cuts.<\/p>\n<p>We&#8217;re going to apply today our tab, our tiles gasketing tiles, the 12 inch by 16 inch gasket sheets that will help turn the downdraft system into a vacuum clamping system. I think once we get to that system we&#8217;ll be able to do all these parts in a single pass, and I think we&#8217;re going to have tonight&#8230;<\/p>\n<p>All right guys, now that we&#8217;ve got the spoil board resurfaced and fly cut, we&#8217;ve got a fresh surface on there. We&#8217;re gonna start to apply the gasket tiles to a flat surface to be able to help pull down the parts better. See how long this takes us to put these down&#8230;<\/p>\n<p>Okay, so now that we&#8217;ve got the table covered with the tiles, we&#8217;re gonna be ready to start running some parts. The advantage is all these little holes now are going to create our suction clamp, with the added benefit of the sheet of gasketing being a non-porous material. The MDF is a porous material which is going to leak air as we start to cut our parts. The fact that we&#8217;re covering this is a non-porous cover (gasket material), as we start to cut our parts it&#8217;s going to be a sealed surface to get better, efficient use of the vacuum system that we have. So we&#8217;ll start cutting parts here shortly and see what kind of success we have.<\/p>\n<p>So that is a quick application review of our tile gasket. We were at the customer for about a half day, like I said, they called us in because they were having trouble holding parts on their router. Once we installed the tile gasket concept, they were having great success in holding their finished parts in a single pass. So a great deal of vacuum improvement once we installed those tiles. Just like many other customers across the country are now starting to implement\u2014it&#8217;s a great addition to those MDF spoil boards. Great solution for those folks, especially in the nested base manufacturing environments or those jobs that are always changing over and don&#8217;t have the desire or the interest in making any kind of dedicated fixture. So great solution. They are offered in individual tiles, we can also do them by the box (boxes with price break, enough tiles to do a four by eight table plus one additional tile as it starts to wear).<\/p>\n<p>Any questions give us a call: 800-878-7827 or visit our website: allstarcnc.com.<br \/>\nI&#8217;m the coach here, Mike Murphy, and we look forward to talking to you soon.<\/p>\n<\/div>\n<\/div>","protected":false},"excerpt":{"rendered":"<p>Specifications Tile Gasketing .062&#8243; (1\/16&#8243;) Thickness 24&#8243; x 24&#8243;\u00a0 Adhesive backed nonporous sheets 1\/4&#8243; Dia. Holes on 1&#8243; Center (650) Available Kits 8 Tiles needed for a 4&#8242; x 8&#8242; board 13 Tiles needed for a 5&#8242; x 10&#8242; board 15 Tiles needed for a 5&#8242; x 12&#8242; board 18 Tiles needed for a 6&#8242; [&hellip;]<\/p>\n","protected":false},"featured_media":7111,"template":"","meta":{"_seopress_robots_primary_cat":"49","_seopress_titles_title":"All Star Tile Gasket 1\/16 Thick | CNC Vacuum Pump Accessories | Black Box Vacuum","_seopress_titles_desc":"Discover the robust and reliable All Star Tile Gasket at Black Box Vacuum. Perfect for ensuring secure part holding on your CNC vacuum table. Buy the All Star Tile Gasket today!","_seopress_robots_index":"","site-sidebar-layout":"default","site-content-layout":"default","ast-site-content-layout":"default","site-content-style":"default","site-sidebar-style":"default","ast-global-header-display":"","ast-banner-title-visibility":"","ast-main-header-display":"","ast-hfb-above-header-display":"","ast-hfb-below-header-display":"","ast-hfb-mobile-header-display":"","site-post-title":"","ast-breadcrumbs-content":"","ast-featured-img":"","footer-sml-layout":"","ast-disable-related-posts":"","theme-transparent-header-meta":"default","adv-header-id-meta":"","stick-header-meta":"","header-above-stick-meta":"","header-main-stick-meta":"","header-below-stick-meta":"","astra-migrate-meta-layouts":"set","ast-page-background-enabled":"default","ast-page-background-meta":{"desktop":{"background-color":"","background-image":"","background-repeat":"repeat","background-position":"center center","background-size":"auto","background-attachment":"scroll","background-type":"","background-media":"","overlay-type":"","overlay-color":"","overlay-opacity":"","overlay-gradient":""},"tablet":{"background-color":"","background-image":"","background-repeat":"repeat","background-position":"center center","background-size":"auto","background-attachment":"scroll","background-type":"","background-media":"","overlay-type":"","overlay-color":"","overlay-opacity":"","overlay-gradient":""},"mobile":{"background-color":"","background-image":"","background-repeat":"repeat","background-position":"center center","background-size":"auto","background-attachment":"scroll","background-type":"","background-media":"","overlay-type":"","overlay-color":"","overlay-opacity":"","overlay-gradient":""}},"ast-content-background-meta":{"desktop":{"background-color":"var(--ast-global-color-5)","background-image":"","background-repeat":"repeat","background-position":"center center","background-size":"auto","background-attachment":"scroll","background-type":"","background-media":"","overlay-type":"","overlay-color":"","overlay-opacity":"","overlay-gradient":""},"tablet":{"background-color":"var(--ast-global-color-5)","background-image":"","background-repeat":"repeat","background-position":"center center","background-size":"auto","background-attachment":"scroll","background-type":"","background-media":"","overlay-type":"","overlay-color":"","overlay-opacity":"","overlay-gradient":""},"mobile":{"background-color":"var(--ast-global-color-5)","background-image":"","background-repeat":"repeat","background-position":"center center","background-size":"auto","background-attachment":"scroll","background-type":"","background-media":"","overlay-type":"","overlay-color":"","overlay-opacity":"","overlay-gradient":""}}},"product_brand":[],"product_cat":[49,81,85],"product_tag":[],"class_list":{"0":"post-6380","1":"product","2":"type-product","3":"status-publish","4":"has-post-thumbnail","6":"product_cat-accessories","7":"product_cat-uncategorized","8":"product_cat-gasket-material","9":"desktop-align-center","10":"tablet-align-center","11":"mobile-align-center","13":"first","14":"instock","15":"taxable","16":"shipping-taxable","17":"purchasable","18":"product-type-variable"},"_links":{"self":[{"href":"https:\/\/blackboxvac.com\/es\/wp-json\/wp\/v2\/product\/6380","targetHints":{"allow":["GET"]}}],"collection":[{"href":"https:\/\/blackboxvac.com\/es\/wp-json\/wp\/v2\/product"}],"about":[{"href":"https:\/\/blackboxvac.com\/es\/wp-json\/wp\/v2\/types\/product"}],"wp:featuredmedia":[{"embeddable":true,"href":"https:\/\/blackboxvac.com\/es\/wp-json\/wp\/v2\/media\/7111"}],"wp:attachment":[{"href":"https:\/\/blackboxvac.com\/es\/wp-json\/wp\/v2\/media?parent=6380"}],"wp:term":[{"taxonomy":"product_brand","embeddable":true,"href":"https:\/\/blackboxvac.com\/es\/wp-json\/wp\/v2\/product_brand?post=6380"},{"taxonomy":"product_cat","embeddable":true,"href":"https:\/\/blackboxvac.com\/es\/wp-json\/wp\/v2\/product_cat?post=6380"},{"taxonomy":"product_tag","embeddable":true,"href":"https:\/\/blackboxvac.com\/es\/wp-json\/wp\/v2\/product_tag?post=6380"}],"curies":[{"name":"wp","href":"https:\/\/api.w.org\/{rel}","templated":true}]}}