{"id":1329,"date":"2022-09-09T01:16:27","date_gmt":"2022-09-09T05:16:27","guid":{"rendered":"https:\/\/blackboxvac.boostsalon.com\/?post_type=product&#038;p=1329"},"modified":"2024-05-29T16:18:07","modified_gmt":"2024-05-29T20:18:07","slug":"gate-valve","status":"publish","type":"product","link":"https:\/\/blackboxvac.com\/es\/producto\/gate-valve\/","title":{"rendered":"V\u00e1lvula estilo compuerta"},"content":{"rendered":"<p>V\u00e1lvula de compuerta de 2\u2033 con conexiones deslizantes en cada lado para una f\u00e1cil instalaci\u00f3n. Esta v\u00e1lvula es una elecci\u00f3n perfecta al dise\u00f1ar una rejilla de mesa de vac\u00edo CNC con m\u00e1s de una zona. Las v\u00e1lvulas se pueden abrir y cerrar f\u00e1cilmente para controlar d\u00f3nde se aplica la presi\u00f3n de vac\u00edo en la mesa. Esta v\u00e1lvula cuenta con una compuerta de acero inoxidable que no se pliega bajo vac\u00edo como lo hacen otras. La puerta de acero tambi\u00e9n permite un deslizamiento suave incluso cuando la aspiradora est\u00e1 encendida.<\/p>\n<ul>\n<li>Conectores de 2\u2033<\/li>\n<li>Hoja y eje de puerta de acero inoxidable<\/li>\n<li>Carcasa de ABS negra o carcasa de PVC blanca<\/li>\n<\/ul>\n<p>*Tuber\u00eda de PVC no incluida<\/p>","protected":false},"excerpt":{"rendered":"<p>2&#8243; Gate valve with slip connections on each side for easy installation. This valve is a perfect choice when designing a CNC vacuum table grid with more than one zone. Valves can easily be opened and closed to control where vacuum pressure is applied on the table. This valve features a stainless steel gate that [&hellip;]<\/p>\n","protected":false},"featured_media":1330,"template":"","meta":{"_seopress_robots_primary_cat":"none","_seopress_titles_title":"Gate Valve | CNC Vacuum Pump Accessories | Black Box Vacuum","_seopress_titles_desc":"Discover top-quality Gate Valves at Black Box Vacuum. Our durable and efficient gate valves ensure optimal flow control on your CNC vacuum table. Shop now for reliable gate valves.","_seopress_robots_index":"","site-sidebar-layout":"default","site-content-layout":"default","ast-site-content-layout":"default","site-content-style":"default","site-sidebar-style":"default","ast-global-header-display":"","ast-banner-title-visibility":"","ast-main-header-display":"","ast-hfb-above-header-display":"","ast-hfb-below-header-display":"","ast-hfb-mobile-header-display":"","site-post-title":"","ast-breadcrumbs-content":"","ast-featured-img":"","footer-sml-layout":"","ast-disable-related-posts":"","theme-transparent-header-meta":"default","adv-header-id-meta":"","stick-header-meta":"","header-above-stick-meta":"","header-main-stick-meta":"","header-below-stick-meta":"","astra-migrate-meta-layouts":"set","ast-page-background-enabled":"default","ast-page-background-meta":{"desktop":{"background-color":"","background-image":"","background-repeat":"repeat","background-position":"center center","background-size":"auto","background-attachment":"scroll","background-type":"","background-media":"","overlay-type":"","overlay-color":"","overlay-opacity":"","overlay-gradient":""},"tablet":{"background-color":"","background-image":"","background-repeat":"repeat","background-position":"center center","background-size":"auto","background-attachment":"scroll","background-type":"","background-media":"","overlay-type":"","overlay-color":"","overlay-opacity":"","overlay-gradient":""},"mobile":{"background-color":"","background-image":"","background-repeat":"repeat","background-position":"center center","background-size":"auto","background-attachment":"scroll","background-type":"","background-media":"","overlay-type":"","overlay-color":"","overlay-opacity":"","overlay-gradient":""}},"ast-content-background-meta":{"desktop":{"background-color":"var(--ast-global-color-5)","background-image":"","background-repeat":"repeat","background-position":"center center","background-size":"auto","background-attachment":"scroll","background-type":"","background-media":"","overlay-type":"","overlay-color":"","overlay-opacity":"","overlay-gradient":""},"tablet":{"background-color":"var(--ast-global-color-5)","background-image":"","background-repeat":"repeat","background-position":"center center","background-size":"auto","background-attachment":"scroll","background-type":"","background-media":"","overlay-type":"","overlay-color":"","overlay-opacity":"","overlay-gradient":""},"mobile":{"background-color":"var(--ast-global-color-5)","background-image":"","background-repeat":"repeat","background-position":"center center","background-size":"auto","background-attachment":"scroll","background-type":"","background-media":"","overlay-type":"","overlay-color":"","overlay-opacity":"","overlay-gradient":""}}},"product_brand":[],"product_cat":[49,53],"product_tag":[],"class_list":{"0":"post-1329","1":"product","2":"type-product","3":"status-publish","4":"has-post-thumbnail","6":"product_cat-accessories","7":"product_cat-valves","8":"desktop-align-center","9":"tablet-align-center","10":"mobile-align-center","12":"first","13":"instock","14":"taxable","15":"shipping-taxable","16":"purchasable","17":"product-type-simple"},"_links":{"self":[{"href":"https:\/\/blackboxvac.com\/es\/wp-json\/wp\/v2\/product\/1329","targetHints":{"allow":["GET"]}}],"collection":[{"href":"https:\/\/blackboxvac.com\/es\/wp-json\/wp\/v2\/product"}],"about":[{"href":"https:\/\/blackboxvac.com\/es\/wp-json\/wp\/v2\/types\/product"}],"wp:featuredmedia":[{"embeddable":true,"href":"https:\/\/blackboxvac.com\/es\/wp-json\/wp\/v2\/media\/1330"}],"wp:attachment":[{"href":"https:\/\/blackboxvac.com\/es\/wp-json\/wp\/v2\/media?parent=1329"}],"wp:term":[{"taxonomy":"product_brand","embeddable":true,"href":"https:\/\/blackboxvac.com\/es\/wp-json\/wp\/v2\/product_brand?post=1329"},{"taxonomy":"product_cat","embeddable":true,"href":"https:\/\/blackboxvac.com\/es\/wp-json\/wp\/v2\/product_cat?post=1329"},{"taxonomy":"product_tag","embeddable":true,"href":"https:\/\/blackboxvac.com\/es\/wp-json\/wp\/v2\/product_tag?post=1329"}],"curies":[{"name":"wp","href":"https:\/\/api.w.org\/{rel}","templated":true}]}}