{"id":1134,"date":"2022-04-29T09:28:00","date_gmt":"2022-04-29T09:28:00","guid":{"rendered":"https:\/\/blackboxvac.boostsalon.com\/?product=cooling-fan-o-ring-seal"},"modified":"2024-05-29T16:14:54","modified_gmt":"2024-05-29T20:14:54","slug":"cooling-fan-o-ring-seal","status":"publish","type":"product","link":"https:\/\/blackboxvac.com\/es\/producto\/cooling-fan-o-ring-seal\/","title":{"rendered":"Junta t\u00f3rica del ventilador de aire"},"content":{"rendered":"<p>Sello de junta t\u00f3rica para la parte superior del motor de aspiraci\u00f3n: cabe en la cubierta del ventilador<\/p>","protected":false},"excerpt":{"rendered":"<p>Sello de junta t\u00f3rica para la parte superior del motor de aspiraci\u00f3n: cabe en la cubierta del ventilador<\/p>","protected":false},"featured_media":1359,"template":"","meta":{"_seopress_robots_primary_cat":"none","_seopress_titles_title":"Cyclone Cooling Air Replacement Filter Kit | CNC Vacuum Pump Accessories | Black Box Vacuum","_seopress_titles_desc":"Shop durable and high-quality Cooling Fan O-Ring Seals at Black Box Vacuum. Perfect for ensuring a tight seal and optimal performance. Visit us today for the best prices and fast shipping!","_seopress_robots_index":"","site-sidebar-layout":"default","site-content-layout":"default","ast-site-content-layout":"default","site-content-style":"default","site-sidebar-style":"default","ast-global-header-display":"","ast-banner-title-visibility":"","ast-main-header-display":"","ast-hfb-above-header-display":"","ast-hfb-below-header-display":"","ast-hfb-mobile-header-display":"","site-post-title":"","ast-breadcrumbs-content":"","ast-featured-img":"","footer-sml-layout":"","ast-disable-related-posts":"","theme-transparent-header-meta":"default","adv-header-id-meta":"","stick-header-meta":"","header-above-stick-meta":"","header-main-stick-meta":"","header-below-stick-meta":"","astra-migrate-meta-layouts":"set","ast-page-background-enabled":"default","ast-page-background-meta":{"desktop":{"background-color":"","background-image":"","background-repeat":"repeat","background-position":"center center","background-size":"auto","background-attachment":"scroll","background-type":"","background-media":"","overlay-type":"","overlay-color":"","overlay-opacity":"","overlay-gradient":""},"tablet":{"background-color":"","background-image":"","background-repeat":"repeat","background-position":"center center","background-size":"auto","background-attachment":"scroll","background-type":"","background-media":"","overlay-type":"","overlay-color":"","overlay-opacity":"","overlay-gradient":""},"mobile":{"background-color":"","background-image":"","background-repeat":"repeat","background-position":"center center","background-size":"auto","background-attachment":"scroll","background-type":"","background-media":"","overlay-type":"","overlay-color":"","overlay-opacity":"","overlay-gradient":""}},"ast-content-background-meta":{"desktop":{"background-color":"var(--ast-global-color-5)","background-image":"","background-repeat":"repeat","background-position":"center center","background-size":"auto","background-attachment":"scroll","background-type":"","background-media":"","overlay-type":"","overlay-color":"","overlay-opacity":"","overlay-gradient":""},"tablet":{"background-color":"var(--ast-global-color-5)","background-image":"","background-repeat":"repeat","background-position":"center center","background-size":"auto","background-attachment":"scroll","background-type":"","background-media":"","overlay-type":"","overlay-color":"","overlay-opacity":"","overlay-gradient":""},"mobile":{"background-color":"var(--ast-global-color-5)","background-image":"","background-repeat":"repeat","background-position":"center center","background-size":"auto","background-attachment":"scroll","background-type":"","background-media":"","overlay-type":"","overlay-color":"","overlay-opacity":"","overlay-gradient":""}}},"product_brand":[],"product_cat":[49,50,56],"product_tag":[],"class_list":{"0":"post-1134","1":"product","2":"type-product","3":"status-publish","4":"has-post-thumbnail","6":"product_cat-accessories","7":"product_cat-replacement-parts","8":"product_cat-vacuum-motors","9":"desktop-align-center","10":"tablet-align-center","11":"mobile-align-center","13":"first","14":"instock","15":"taxable","16":"shipping-taxable","17":"purchasable","18":"product-type-simple"},"_links":{"self":[{"href":"https:\/\/blackboxvac.com\/es\/wp-json\/wp\/v2\/product\/1134","targetHints":{"allow":["GET"]}}],"collection":[{"href":"https:\/\/blackboxvac.com\/es\/wp-json\/wp\/v2\/product"}],"about":[{"href":"https:\/\/blackboxvac.com\/es\/wp-json\/wp\/v2\/types\/product"}],"wp:featuredmedia":[{"embeddable":true,"href":"https:\/\/blackboxvac.com\/es\/wp-json\/wp\/v2\/media\/1359"}],"wp:attachment":[{"href":"https:\/\/blackboxvac.com\/es\/wp-json\/wp\/v2\/media?parent=1134"}],"wp:term":[{"taxonomy":"product_brand","embeddable":true,"href":"https:\/\/blackboxvac.com\/es\/wp-json\/wp\/v2\/product_brand?post=1134"},{"taxonomy":"product_cat","embeddable":true,"href":"https:\/\/blackboxvac.com\/es\/wp-json\/wp\/v2\/product_cat?post=1134"},{"taxonomy":"product_tag","embeddable":true,"href":"https:\/\/blackboxvac.com\/es\/wp-json\/wp\/v2\/product_tag?post=1134"}],"curies":[{"name":"wp","href":"https:\/\/api.w.org\/{rel}","templated":true}]}}