{"id":1116,"date":"2021-05-24T13:04:00","date_gmt":"2021-05-24T13:04:00","guid":{"rendered":"https:\/\/blackboxvac.boostsalon.com\/?product=canister-filter-for-storm-vacuum-system"},"modified":"2024-09-04T12:20:33","modified_gmt":"2024-09-04T16:20:33","slug":"canister-filter-for-storm-vacuum-pump","status":"publish","type":"product","link":"https:\/\/blackboxvac.com\/es\/producto\/canister-filter-for-storm-vacuum-pump\/","title":{"rendered":"Filtro de cartucho para bomba de vac\u00edo Storm"},"content":{"rendered":"<div style=\"padding: 20px; background-color: white; color: black;\">\n<p><span style=\"font-size: 14px;\">Este filtro de grado industrial protege su inversi\u00f3n y garantiza que extender\u00e1 la vida \u00fatil de los motores de su sistema de vac\u00edo Storm al evitar que entren residuos en el sistema y causen da\u00f1os.<\/span><\/p>\n<ul style=\"letter-spacing: normal;\">\n<li><span style=\"font-size: 14px;\">3&#8243; Intake and Exhaust Ports<\/span><\/li>\n<li><span style=\"font-size: 14px;\">Carcasa de acero s\u00f3lido<\/span><\/li>\n<li><span style=\"font-size: 14px;\">Medios filtrantes incluidos <\/span><\/li>\n<li><span style=\"font-size: 14px;\">Storm Filter Intake Fitting<\/span><\/li>\n<\/ul>\n<p>For the Hurricane or Cyclone Canister Filter please click the link below.<\/p>\n<p><a href=\"https:\/\/blackboxvac.com\/es\/producto\/canister-filter-for-hurricane-or-cyclone-vacuum-systems\/\">Filtro de recipiente de vac\u00edo Hurricane \/ Cyclone\u00a0<\/a><\/p>\n<\/div>\n<p>&nbsp;<\/p>","protected":false},"excerpt":{"rendered":"<p>This industrial-grade filter protects your investment and is guaranteed to extend the life of your Storm Vacuum System\u2019s motors by preventing debris from entering the system and causing damage. 3&#8243; Intake and Exhaust Ports Solid Steel Housing Filter Media Included Storm Filter Intake Fitting For the Hurricane or Cyclone Canister Filter please click the link [&hellip;]<\/p>\n","protected":false},"featured_media":7975,"template":"","meta":{"_seopress_robots_primary_cat":"none","_seopress_titles_title":"Canister Filter for Storm | CNC Vacuum Pump Accessories | Black Box Vacuum","_seopress_titles_desc":"Discover the perfect Canister Filter for Storm Vacuum Pump at Black Box Vacuum. Protect your vacuum pump with high grade filtration and extend your pump's lifespan. Shop now for optimal vacuum pump performance!","_seopress_robots_index":"","site-sidebar-layout":"default","site-content-layout":"default","ast-site-content-layout":"default","site-content-style":"default","site-sidebar-style":"default","ast-global-header-display":"","ast-banner-title-visibility":"","ast-main-header-display":"","ast-hfb-above-header-display":"","ast-hfb-below-header-display":"","ast-hfb-mobile-header-display":"","site-post-title":"","ast-breadcrumbs-content":"","ast-featured-img":"","footer-sml-layout":"","ast-disable-related-posts":"","theme-transparent-header-meta":"default","adv-header-id-meta":"","stick-header-meta":"","header-above-stick-meta":"","header-main-stick-meta":"","header-below-stick-meta":"","astra-migrate-meta-layouts":"set","ast-page-background-enabled":"default","ast-page-background-meta":{"desktop":{"background-color":"","background-image":"","background-repeat":"repeat","background-position":"center center","background-size":"auto","background-attachment":"scroll","background-type":"","background-media":"","overlay-type":"","overlay-color":"","overlay-opacity":"","overlay-gradient":""},"tablet":{"background-color":"","background-image":"","background-repeat":"repeat","background-position":"center center","background-size":"auto","background-attachment":"scroll","background-type":"","background-media":"","overlay-type":"","overlay-color":"","overlay-opacity":"","overlay-gradient":""},"mobile":{"background-color":"","background-image":"","background-repeat":"repeat","background-position":"center center","background-size":"auto","background-attachment":"scroll","background-type":"","background-media":"","overlay-type":"","overlay-color":"","overlay-opacity":"","overlay-gradient":""}},"ast-content-background-meta":{"desktop":{"background-color":"var(--ast-global-color-5)","background-image":"","background-repeat":"repeat","background-position":"center center","background-size":"auto","background-attachment":"scroll","background-type":"","background-media":"","overlay-type":"","overlay-color":"","overlay-opacity":"","overlay-gradient":""},"tablet":{"background-color":"var(--ast-global-color-5)","background-image":"","background-repeat":"repeat","background-position":"center center","background-size":"auto","background-attachment":"scroll","background-type":"","background-media":"","overlay-type":"","overlay-color":"","overlay-opacity":"","overlay-gradient":""},"mobile":{"background-color":"var(--ast-global-color-5)","background-image":"","background-repeat":"repeat","background-position":"center center","background-size":"auto","background-attachment":"scroll","background-type":"","background-media":"","overlay-type":"","overlay-color":"","overlay-opacity":"","overlay-gradient":""}}},"product_brand":[],"product_cat":[49,52],"product_tag":[],"class_list":{"0":"post-1116","1":"product","2":"type-product","3":"status-publish","4":"has-post-thumbnail","6":"product_cat-accessories","7":"product_cat-canister-filters","8":"desktop-align-center","9":"tablet-align-center","10":"mobile-align-center","12":"first","13":"instock","14":"sale","15":"taxable","16":"shipping-taxable","17":"purchasable","18":"product-type-simple"},"_links":{"self":[{"href":"https:\/\/blackboxvac.com\/es\/wp-json\/wp\/v2\/product\/1116","targetHints":{"allow":["GET"]}}],"collection":[{"href":"https:\/\/blackboxvac.com\/es\/wp-json\/wp\/v2\/product"}],"about":[{"href":"https:\/\/blackboxvac.com\/es\/wp-json\/wp\/v2\/types\/product"}],"wp:featuredmedia":[{"embeddable":true,"href":"https:\/\/blackboxvac.com\/es\/wp-json\/wp\/v2\/media\/7975"}],"wp:attachment":[{"href":"https:\/\/blackboxvac.com\/es\/wp-json\/wp\/v2\/media?parent=1116"}],"wp:term":[{"taxonomy":"product_brand","embeddable":true,"href":"https:\/\/blackboxvac.com\/es\/wp-json\/wp\/v2\/product_brand?post=1116"},{"taxonomy":"product_cat","embeddable":true,"href":"https:\/\/blackboxvac.com\/es\/wp-json\/wp\/v2\/product_cat?post=1116"},{"taxonomy":"product_tag","embeddable":true,"href":"https:\/\/blackboxvac.com\/es\/wp-json\/wp\/v2\/product_tag?post=1116"}],"curies":[{"name":"wp","href":"https:\/\/api.w.org\/{rel}","templated":true}]}}