{"id":1114,"date":"2018-03-21T15:32:00","date_gmt":"2018-03-21T15:32:00","guid":{"rendered":"https:\/\/blackboxvac.boostsalon.com\/?product=cyclone-cooling-air-replacement-filter-kit-2-pieces"},"modified":"2024-05-29T16:15:37","modified_gmt":"2024-05-29T20:15:37","slug":"cyclone-cooling-air-replacement-filter-kit-2-pieces","status":"publish","type":"product","link":"https:\/\/blackboxvac.com\/es\/producto\/cyclone-cooling-air-replacement-filter-kit-2-pieces\/","title":{"rendered":"Kit de filtro de repuesto de aire Cyclone (2 piezas)"},"content":{"rendered":"<p><span style=\"color: black;\">Filtro de repuesto para el sistema de aire de refrigeraci\u00f3n del sistema de vac\u00edo Cyclone. Para los juegos de repuesto Hurricane o Storm, consulte a continuaci\u00f3n:<br \/>\n<\/span><\/p>\n<ul style=\"letter-spacing: normal; color: black;\">\n<li>1 filtro de repuesto de aire de refrigeraci\u00f3n lavable.<\/li>\n<li>Poli\u00e9ster retardante de llama<\/li>\n<\/ul>\n<p>&nbsp;<\/p>\n<p><a style=\"font-size: 14px;\" href=\"https:\/\/blackboxvac.com\/es\/producto\/hurricane-cooling-air-replacement-filter-kit-2-pieces\/\">Juego de filtros de repuesto de aire de refrigeraci\u00f3n Hurricane<\/a><\/p>\n<p><a style=\"font-size: 14px;\" href=\"https:\/\/blackboxvac.com\/es\/producto\/storm-cooling-air-replacement-filter-1-piece\/\">Juego de filtros de repuesto de aire de refrigeraci\u00f3n Storm<\/a><\/p>","protected":false},"excerpt":{"rendered":"<p>Replacement filter for the cooling air system on the Cyclone Vacuum System. For the Hurricane or Storm replacement filter sets see below: 1 Washable Cooling Air Replacement Filter Flame Retardant Polyester &nbsp; Hurricane Cooling Air Replacement Filter Set Storm Cooling Air Replacement Filter Set<\/p>","protected":false},"featured_media":1115,"template":"","meta":{"_seopress_robots_primary_cat":"none","_seopress_titles_title":"Cyclone Cooling Air Replacement Filter Kit | CNC Vacuum Pump Accessories | Black Box Vacuum","_seopress_titles_desc":"Ensure your Cyclone Cooling system performs at its best with the Cyclone Cooling Air Replacement Filter Kit from Black Box Vacuum. This kit includes two high-quality filters designed to maintain clean and efficient airflow. Shop now for optimal cooling performance!","_seopress_robots_index":"","site-sidebar-layout":"default","site-content-layout":"","ast-site-content-layout":"default","site-content-style":"default","site-sidebar-style":"default","ast-global-header-display":"","ast-banner-title-visibility":"","ast-main-header-display":"","ast-hfb-above-header-display":"","ast-hfb-below-header-display":"","ast-hfb-mobile-header-display":"","site-post-title":"","ast-breadcrumbs-content":"","ast-featured-img":"","footer-sml-layout":"","ast-disable-related-posts":"","theme-transparent-header-meta":"default","adv-header-id-meta":"","stick-header-meta":"","header-above-stick-meta":"","header-main-stick-meta":"","header-below-stick-meta":"","astra-migrate-meta-layouts":"set","ast-page-background-enabled":"default","ast-page-background-meta":{"desktop":{"background-color":"","background-image":"","background-repeat":"repeat","background-position":"center center","background-size":"auto","background-attachment":"scroll","background-type":"","background-media":"","overlay-type":"","overlay-color":"","overlay-opacity":"","overlay-gradient":""},"tablet":{"background-color":"","background-image":"","background-repeat":"repeat","background-position":"center center","background-size":"auto","background-attachment":"scroll","background-type":"","background-media":"","overlay-type":"","overlay-color":"","overlay-opacity":"","overlay-gradient":""},"mobile":{"background-color":"","background-image":"","background-repeat":"repeat","background-position":"center center","background-size":"auto","background-attachment":"scroll","background-type":"","background-media":"","overlay-type":"","overlay-color":"","overlay-opacity":"","overlay-gradient":""}},"ast-content-background-meta":{"desktop":{"background-color":"var(--ast-global-color-5)","background-image":"","background-repeat":"repeat","background-position":"center center","background-size":"auto","background-attachment":"scroll","background-type":"","background-media":"","overlay-type":"","overlay-color":"","overlay-opacity":"","overlay-gradient":""},"tablet":{"background-color":"var(--ast-global-color-5)","background-image":"","background-repeat":"repeat","background-position":"center center","background-size":"auto","background-attachment":"scroll","background-type":"","background-media":"","overlay-type":"","overlay-color":"","overlay-opacity":"","overlay-gradient":""},"mobile":{"background-color":"var(--ast-global-color-5)","background-image":"","background-repeat":"repeat","background-position":"center center","background-size":"auto","background-attachment":"scroll","background-type":"","background-media":"","overlay-type":"","overlay-color":"","overlay-opacity":"","overlay-gradient":""}}},"product_brand":[],"product_cat":[55,50],"product_tag":[],"class_list":{"0":"post-1114","1":"product","2":"type-product","3":"status-publish","4":"has-post-thumbnail","6":"product_cat-replacement-filters","7":"product_cat-replacement-parts","8":"desktop-align-center","9":"tablet-align-center","10":"mobile-align-center","12":"first","13":"instock","14":"taxable","15":"shipping-taxable","16":"purchasable","17":"product-type-simple"},"_links":{"self":[{"href":"https:\/\/blackboxvac.com\/es\/wp-json\/wp\/v2\/product\/1114","targetHints":{"allow":["GET"]}}],"collection":[{"href":"https:\/\/blackboxvac.com\/es\/wp-json\/wp\/v2\/product"}],"about":[{"href":"https:\/\/blackboxvac.com\/es\/wp-json\/wp\/v2\/types\/product"}],"wp:featuredmedia":[{"embeddable":true,"href":"https:\/\/blackboxvac.com\/es\/wp-json\/wp\/v2\/media\/1115"}],"wp:attachment":[{"href":"https:\/\/blackboxvac.com\/es\/wp-json\/wp\/v2\/media?parent=1114"}],"wp:term":[{"taxonomy":"product_brand","embeddable":true,"href":"https:\/\/blackboxvac.com\/es\/wp-json\/wp\/v2\/product_brand?post=1114"},{"taxonomy":"product_cat","embeddable":true,"href":"https:\/\/blackboxvac.com\/es\/wp-json\/wp\/v2\/product_cat?post=1114"},{"taxonomy":"product_tag","embeddable":true,"href":"https:\/\/blackboxvac.com\/es\/wp-json\/wp\/v2\/product_tag?post=1114"}],"curies":[{"name":"wp","href":"https:\/\/api.w.org\/{rel}","templated":true}]}}