{"id":1048,"date":"2021-06-10T13:26:00","date_gmt":"2021-06-10T13:26:00","guid":{"rendered":"https:\/\/blackboxvac.boostsalon.com\/?product=storm-vacuum-system"},"modified":"2025-10-07T21:12:15","modified_gmt":"2025-10-08T01:12:15","slug":"storm-vacuum-pump","status":"publish","type":"product","link":"https:\/\/blackboxvac.com\/es\/producto\/storm-vacuum-pump\/","title":{"rendered":"Storm bomba de vac\u00edo"},"content":{"rendered":"<section class=\"well\">\n<div class=\"container whychoose\">\n<div class=\"row\">\n<div class=\"col-md-6 col-sm-6 col-xs-12 wow fadeIn\">\n<h2>Acerca de<\/h2>\n<p>El Storm tambi\u00e9n podr\u00eda llamarse el <span style=\"font-style: italic;\">S\u00faper Storm<\/span>. This single phase vacuum pump comes with 2 powerful vacuum motors working in tandem to produce approximately 9.5-10 inHg of vacuum hold down ability for your CNC router. The Storm is ideal for table sizes under 4&#8242; by 4&#8242; (or 16 ft\u00b2). Installation is easy and only requires a 220 VAC \/ 20 A circuit to operate. Simply connect your plumbing and power and you&#8217;re ready to unleash the power of The Storm with the press of a button!<\/p>\n<\/div>\n<div class=\"col-md-6 col-sm-6 col-xs-12 wow fadeIn\">\n<h2>Filtraci\u00f3n de aire de entrada opcional<\/h2>\n<p>An inline canister filter is optional. This industrial-grade filter protects your investment and is guaranteed to extend the life of your Storm Vacuum Pump\u2019s motors by preventing debris from entering the pump and causing damage.<br \/>\n<a style=\"color: #0000ff;\" href=\"https:\/\/blackboxvac.com\/es\/producto\/canister-filter-for-storm-vacuum-system\/\">Comprar ahora.<\/a><\/p>\n<\/div>\n<\/div>\n<\/div>\n<\/section>\n<section class=\"well\">\n<div class=\"container whychoose\">\n<div class=\"row\">\n<div class=\"col-md-6 col-sm-6 col-xs-12 wow fadeIn\">\n<h2>Especificaciones<\/h2>\n<p>&nbsp;<\/p>\n<ul>\n<li>~200 pies c\u00fabicos por minuto<\/li>\n<li>Vac\u00edo sellado de 9,5 a 10 inHg<\/li>\n<li>Puerto de entrada de acero roscado de 2 \u2033<\/li>\n<li>Dimensiones: 18,5\u2033x 17,5\u2033x 17,5\u2033<\/li>\n<li>Enchufe NEMA 6-20P (especificaci\u00f3n de EE. UU. y Canad\u00e1)<\/li>\n<li>Sistema monof\u00e1sico 220 \u2013 240 VCA \/ 20 Amperios<\/li>\n<li>2 motores de vac\u00edo de alto rendimiento y larga duraci\u00f3n<\/li>\n<\/ul>\n<\/div>\n<div class=\"col-md-6 col-sm-6 col-xs-12 wow fadeIn\">\n<h2>Caracter\u00edsticas<\/h2>\n<p>&nbsp;<\/p>\n<ul>\n<li>Indicador de vacio integrado<\/li>\n<li>Durable Powder Coated Finish<\/li>\n<li>Sistema de alivio de presi\u00f3n integrado<\/li>\n<li>Nuevo y elegante dise\u00f1o industrial de acero s\u00f3lido<\/li>\n<li>Base de amortiguaci\u00f3n de sonido con puerto de escape<\/li>\n<li>Interruptor de alimentaci\u00f3n con tecnolog\u00eda de disyunci\u00f3n<\/li>\n<li>Sistema de ventilaci\u00f3n de aire de alto flujo con filtro reemplazable<\/li>\n<\/ul>\n<\/div>\n<\/div>\n<\/div>\n<\/section>\n<h3>Alfombrilla con bloqueo de agarre<\/h3>\n<p>Echa un vistazo a la alfombrilla de agarre \"Grip-Lock\" <span style=\"color: #0000ff; font-size: 20px;\"><a style=\"color: #0000ff;\" href=\"https:\/\/blackboxvac.com\/es\/producto\/black-box-grip-lock-mat\/\" target=\"_blank\" rel=\"noopener\">Aqu\u00ed\u00a0 \u00a0 \u00a0<\/a><a href=\"https:\/\/blackboxvac.com\/es\/producto\/black-box-grip-lock-mat\/\" target=\"_blank\" rel=\"noopener\"><span style=\"font-size: 16px; font-style: normal; font-weight: 400;\"> <img decoding=\"async\" class=\"alignnone wp-image-6093\" src=\"https:\/\/blackboxvac.com\/wp-content\/uploads\/2023\/05\/Mat_5-SM.jpg\" alt=\"Grip-Lock mat photo\" width=\"156\" height=\"124\" \/><\/span><\/a><\/span><\/p>","protected":false},"excerpt":{"rendered":"<p>About The Storm might as well be called the Super Storm. This single phase vacuum pump comes with 2 powerful vacuum motors working in tandem to produce approximately 9.5-10 inHg of vacuum hold down ability for your CNC router. The Storm is ideal for table sizes under 4&#8242; by 4&#8242; (or 16 ft\u00b2). Installation is [&hellip;]<\/p>\n","protected":false},"featured_media":1472,"template":"","meta":{"_seopress_robots_primary_cat":"none","_seopress_titles_title":"Buy Storm | CNC Vacuum Pump | Black Box Vacuum","_seopress_titles_desc":"Discover the power of the Black Box Vacuum! Shop now to buy the Storm Vacuum Pump, your ultimate tool for effective, industrial-strength vacuum hold down. Perfect for any job, our system guarantees top performance and durability. Click to learn more and purchase today!","_seopress_robots_index":"","site-sidebar-layout":"default","site-content-layout":"default","ast-site-content-layout":"default","site-content-style":"default","site-sidebar-style":"default","ast-global-header-display":"","ast-banner-title-visibility":"","ast-main-header-display":"","ast-hfb-above-header-display":"","ast-hfb-below-header-display":"","ast-hfb-mobile-header-display":"","site-post-title":"","ast-breadcrumbs-content":"","ast-featured-img":"","footer-sml-layout":"","ast-disable-related-posts":"","theme-transparent-header-meta":"default","adv-header-id-meta":"","stick-header-meta":"","header-above-stick-meta":"","header-main-stick-meta":"","header-below-stick-meta":"","astra-migrate-meta-layouts":"set","ast-page-background-enabled":"default","ast-page-background-meta":{"desktop":{"background-color":"","background-image":"","background-repeat":"repeat","background-position":"center center","background-size":"auto","background-attachment":"scroll","background-type":"","background-media":"","overlay-type":"","overlay-color":"","overlay-opacity":"","overlay-gradient":""},"tablet":{"background-color":"","background-image":"","background-repeat":"repeat","background-position":"center center","background-size":"auto","background-attachment":"scroll","background-type":"","background-media":"","overlay-type":"","overlay-color":"","overlay-opacity":"","overlay-gradient":""},"mobile":{"background-color":"","background-image":"","background-repeat":"repeat","background-position":"center center","background-size":"auto","background-attachment":"scroll","background-type":"","background-media":"","overlay-type":"","overlay-color":"","overlay-opacity":"","overlay-gradient":""}},"ast-content-background-meta":{"desktop":{"background-color":"var(--ast-global-color-5)","background-image":"","background-repeat":"repeat","background-position":"center center","background-size":"auto","background-attachment":"scroll","background-type":"","background-media":"","overlay-type":"","overlay-color":"","overlay-opacity":"","overlay-gradient":""},"tablet":{"background-color":"var(--ast-global-color-5)","background-image":"","background-repeat":"repeat","background-position":"center center","background-size":"auto","background-attachment":"scroll","background-type":"","background-media":"","overlay-type":"","overlay-color":"","overlay-opacity":"","overlay-gradient":""},"mobile":{"background-color":"var(--ast-global-color-5)","background-image":"","background-repeat":"repeat","background-position":"center center","background-size":"auto","background-attachment":"scroll","background-type":"","background-media":"","overlay-type":"","overlay-color":"","overlay-opacity":"","overlay-gradient":""}}},"product_brand":[],"product_cat":[62,59],"product_tag":[],"class_list":{"0":"post-1048","1":"product","2":"type-product","3":"status-publish","4":"has-post-thumbnail","6":"product_cat-storm-vacuum-pump","7":"product_cat-vacuum-pumps","8":"desktop-align-center","9":"tablet-align-center","10":"mobile-align-center","12":"first","13":"instock","14":"taxable","15":"shipping-taxable","16":"purchasable","17":"product-type-variable","18":"has-default-attributes"},"_links":{"self":[{"href":"https:\/\/blackboxvac.com\/es\/wp-json\/wp\/v2\/product\/1048","targetHints":{"allow":["GET"]}}],"collection":[{"href":"https:\/\/blackboxvac.com\/es\/wp-json\/wp\/v2\/product"}],"about":[{"href":"https:\/\/blackboxvac.com\/es\/wp-json\/wp\/v2\/types\/product"}],"wp:featuredmedia":[{"embeddable":true,"href":"https:\/\/blackboxvac.com\/es\/wp-json\/wp\/v2\/media\/1472"}],"wp:attachment":[{"href":"https:\/\/blackboxvac.com\/es\/wp-json\/wp\/v2\/media?parent=1048"}],"wp:term":[{"taxonomy":"product_brand","embeddable":true,"href":"https:\/\/blackboxvac.com\/es\/wp-json\/wp\/v2\/product_brand?post=1048"},{"taxonomy":"product_cat","embeddable":true,"href":"https:\/\/blackboxvac.com\/es\/wp-json\/wp\/v2\/product_cat?post=1048"},{"taxonomy":"product_tag","embeddable":true,"href":"https:\/\/blackboxvac.com\/es\/wp-json\/wp\/v2\/product_tag?post=1048"}],"curies":[{"name":"wp","href":"https:\/\/api.w.org\/{rel}","templated":true}]}}