{"id":1014,"date":"2022-07-11T19:20:00","date_gmt":"2022-07-11T23:20:00","guid":{"rendered":"https:\/\/blackboxvac.boostsalon.com\/?product=hurricane-vacuum-system"},"modified":"2025-10-07T21:09:50","modified_gmt":"2025-10-08T01:09:50","slug":"hurricane-vacuum-pump","status":"publish","type":"product","link":"https:\/\/blackboxvac.com\/es\/producto\/hurricane-vacuum-pump\/","title":{"rendered":"Hurricane bomba de vac\u00edo"},"content":{"rendered":"<section class=\"well\">\n<div class=\"container whychoose\">\n<div class=\"row\">\n<div class=\"col-md-6 col-sm-6 col-xs-12 wow fadeIn\">\n<h2>Acerca de<\/h2>\n<p>El sistema Hurricane es nuestro modelo estrella y con raz\u00f3n. Esta bomba de vac\u00edo monof\u00e1sica de 220 V de grado industrial es ideal para mesas CNC de tama\u00f1o mediano a grande, desde 5\u2032 x 5\u2032 hasta 5\u2032 x 10\u2032 (o 25 ft\u00b2 a 50 ft\u00b2). Los sistemas integrados de v\u00e1lvula de alivio y ventilaci\u00f3n de aire filtrado mantienen su Hurricane funcionando m\u00e1s fresco, mientras que la base de amortiguaci\u00f3n de sonido mantiene la unidad funcionando m\u00e1s silenciosamente que otros sistemas comparables. El Hurricane viene con todo lo que necesita para empezar a funcionar; no se necesitan compras adicionales. Cuando se combinan todas las caracter\u00edsticas del Hurricane con su facilidad de instalaci\u00f3n, operaci\u00f3n y mantenimiento, el Hurricane es la decisi\u00f3n correcta para sus necesidades de sujeci\u00f3n por vac\u00edo monof\u00e1sico.<\/p>\n<\/div>\n<div class=\"col-md-6 col-sm-6 col-xs-12 wow fadeIn\">\n<h2>Dise\u00f1o \u00fanico de dos etapas<\/h2>\n<p>El dise\u00f1o exclusivo de dos etapas del Hurricane le permite elegir entre el modo de dos motores o el modo de cuatro motores con solo presionar un bot\u00f3n. Esta caracter\u00edstica le permite usar la cantidad deseada de vac\u00edo necesaria y prolongar la vida \u00fatil de sus motores usando solo los motores secundarios cuando sea necesario.<\/p>\n<h1>Filtraci\u00f3n de aire de admisi\u00f3n<\/h1>\n<p>An inline canister filter is included with the Hurricane Vacuum Pump. This industrial-grade filter protects your investment and is guaranteed to extend the life of your Hurricane Pump\u2019s motors by preventing debris from entering the pump and causing damage.<\/p>\n<\/div>\n<\/div>\n<\/div>\n<\/section>\n<section class=\"well\">\n<div class=\"container whychoose\">\n<div class=\"row\">\n<div class=\"col-md-6 col-sm-6 col-xs-12 wow fadeIn\">\n<h2>Especificaciones<\/h2>\n<p>&nbsp;<\/p>\n<ul>\n<li>~400 pies c\u00fabicos por minuto<\/li>\n<li>Vac\u00edo sellado de 9,5 a 10 inHg<\/li>\n<li>Puerto de entrada de acero roscado de 3\u2033<\/li>\n<li>Dimensiones: 34\u2033x 17,5\u2033x 17,5\u2033<\/li>\n<li>Sistema monof\u00e1sico 220 \u2013 240 VCA \/ 30 Amperios<\/li>\n<li>Enchufe NEMA L6-30P (especificaci\u00f3n de EE. UU. y Canad\u00e1)<\/li>\n<li>4 motores de vac\u00edo de alto rendimiento y larga duraci\u00f3n<\/li>\n<\/ul>\n<\/div>\n<div class=\"col-md-6 col-sm-6 col-xs-12 wow fadeIn\">\n<h2>Caracter\u00edsticas<\/h2>\n<p>&nbsp;<\/p>\n<ul>\n<li>Indicador de vacio integrado<\/li>\n<li>Filtro de recipiente en l\u00ednea incluido<\/li>\n<li>Acabado duradero con recubrimiento en polvo.<\/li>\n<li>Sistema de v\u00e1lvula de alivio integrado<\/li>\n<li>Nuevo y elegante dise\u00f1o industrial de acero s\u00f3lido<\/li>\n<li>Interruptores de potencia con tecnolog\u00eda de disyunci\u00f3n<\/li>\n<li>Sistema de ventilaci\u00f3n de aire de alto flujo con filtros reemplazables<\/li>\n<li>Base de amortiguaci\u00f3n de sonido con puerto de escape roscado de 3\u2033<\/li>\n<\/ul>\n<\/div>\n<\/div>\n<\/div>\n<\/section>\n<h3>Alfombrilla con bloqueo de agarre<\/h3>\n<p>Echa un vistazo a la alfombrilla de agarre \"Grip-Lock\" <span style=\"color: #0000ff; font-size: 20px;\"><a style=\"color: #0000ff;\" href=\"https:\/\/blackboxvac.com\/es\/producto\/black-box-grip-lock-mat\/\" target=\"_blank\" rel=\"noopener\">Aqu\u00ed\u00a0 \u00a0 \u00a0<\/a><a href=\"https:\/\/blackboxvac.com\/es\/producto\/black-box-grip-lock-mat\/\" target=\"_blank\" rel=\"noopener\"><span style=\"font-size: 16px; font-style: normal; font-weight: 400;\"> <img decoding=\"async\" class=\"alignnone wp-image-6093\" src=\"https:\/\/blackboxvac.com\/wp-content\/uploads\/2023\/05\/Mat_5-SM.jpg\" alt=\"Grip-Lock mat photo\" width=\"156\" height=\"124\" \/><\/span><\/a><\/span><\/p>","protected":false},"excerpt":{"rendered":"<p>About The Hurricane pump is our flagship model and rightly so. This industrial-grade single-phase 220v vacuum pump is ideal for mid to large CNC table sizes from 5&#8217;x 5&#8242; up to 5&#8217;x 10&#8242; (or 25 ft\u00b2 to 50 ft\u00b2). The integrated filtered air cooling and relief valve systems keep your Hurricane running cooler while the [&hellip;]<\/p>\n","protected":false},"featured_media":1470,"template":"","meta":{"_seopress_robots_primary_cat":"none","_seopress_titles_title":"Buy Hurricane | CNC Vacuum Pump | Black Box Vacuum","_seopress_titles_desc":"Discover the power of the Hurricane CNC Vacuum Pump at Black Box Vacuum. Ideal for CNC routers, this single-phase vacuum provides exceptional hold-down capability without needing three-phase power. Affordable and efficient, buy yours today!","_seopress_robots_index":"","site-sidebar-layout":"default","site-content-layout":"default","ast-site-content-layout":"default","site-content-style":"default","site-sidebar-style":"default","ast-global-header-display":"","ast-banner-title-visibility":"","ast-main-header-display":"","ast-hfb-above-header-display":"","ast-hfb-below-header-display":"","ast-hfb-mobile-header-display":"","site-post-title":"","ast-breadcrumbs-content":"","ast-featured-img":"","footer-sml-layout":"","ast-disable-related-posts":"","theme-transparent-header-meta":"default","adv-header-id-meta":"","stick-header-meta":"","header-above-stick-meta":"","header-main-stick-meta":"","header-below-stick-meta":"","astra-migrate-meta-layouts":"set","ast-page-background-enabled":"default","ast-page-background-meta":{"desktop":{"background-color":"","background-image":"","background-repeat":"repeat","background-position":"center center","background-size":"auto","background-attachment":"scroll","background-type":"","background-media":"","overlay-type":"","overlay-color":"","overlay-opacity":"","overlay-gradient":""},"tablet":{"background-color":"","background-image":"","background-repeat":"repeat","background-position":"center center","background-size":"auto","background-attachment":"scroll","background-type":"","background-media":"","overlay-type":"","overlay-color":"","overlay-opacity":"","overlay-gradient":""},"mobile":{"background-color":"","background-image":"","background-repeat":"repeat","background-position":"center center","background-size":"auto","background-attachment":"scroll","background-type":"","background-media":"","overlay-type":"","overlay-color":"","overlay-opacity":"","overlay-gradient":""}},"ast-content-background-meta":{"desktop":{"background-color":"var(--ast-global-color-5)","background-image":"","background-repeat":"repeat","background-position":"center center","background-size":"auto","background-attachment":"scroll","background-type":"","background-media":"","overlay-type":"","overlay-color":"","overlay-opacity":"","overlay-gradient":""},"tablet":{"background-color":"var(--ast-global-color-5)","background-image":"","background-repeat":"repeat","background-position":"center center","background-size":"auto","background-attachment":"scroll","background-type":"","background-media":"","overlay-type":"","overlay-color":"","overlay-opacity":"","overlay-gradient":""},"mobile":{"background-color":"var(--ast-global-color-5)","background-image":"","background-repeat":"repeat","background-position":"center center","background-size":"auto","background-attachment":"scroll","background-type":"","background-media":"","overlay-type":"","overlay-color":"","overlay-opacity":"","overlay-gradient":""}}},"product_brand":[],"product_cat":[60,59],"product_tag":[],"class_list":{"0":"post-1014","1":"product","2":"type-product","3":"status-publish","4":"has-post-thumbnail","6":"product_cat-hurricane-vacuum-pump","7":"product_cat-vacuum-pumps","8":"desktop-align-center","9":"tablet-align-center","10":"mobile-align-center","12":"first","13":"instock","14":"taxable","15":"shipping-taxable","16":"purchasable","17":"product-type-variable","18":"has-default-attributes"},"_links":{"self":[{"href":"https:\/\/blackboxvac.com\/es\/wp-json\/wp\/v2\/product\/1014","targetHints":{"allow":["GET"]}}],"collection":[{"href":"https:\/\/blackboxvac.com\/es\/wp-json\/wp\/v2\/product"}],"about":[{"href":"https:\/\/blackboxvac.com\/es\/wp-json\/wp\/v2\/types\/product"}],"wp:featuredmedia":[{"embeddable":true,"href":"https:\/\/blackboxvac.com\/es\/wp-json\/wp\/v2\/media\/1470"}],"wp:attachment":[{"href":"https:\/\/blackboxvac.com\/es\/wp-json\/wp\/v2\/media?parent=1014"}],"wp:term":[{"taxonomy":"product_brand","embeddable":true,"href":"https:\/\/blackboxvac.com\/es\/wp-json\/wp\/v2\/product_brand?post=1014"},{"taxonomy":"product_cat","embeddable":true,"href":"https:\/\/blackboxvac.com\/es\/wp-json\/wp\/v2\/product_cat?post=1014"},{"taxonomy":"product_tag","embeddable":true,"href":"https:\/\/blackboxvac.com\/es\/wp-json\/wp\/v2\/product_tag?post=1014"}],"curies":[{"name":"wp","href":"https:\/\/api.w.org\/{rel}","templated":true}]}}