{"id":730,"date":"2022-08-02T19:39:03","date_gmt":"2022-08-02T19:39:03","guid":{"rendered":"https:\/\/blackboxvac.boostsalon.com\/?page_id=730"},"modified":"2025-10-07T22:43:23","modified_gmt":"2025-10-08T02:43:23","slug":"cyclone","status":"publish","type":"page","link":"https:\/\/blackboxvac.com\/es\/cyclone\/","title":{"rendered":"Cyclone"},"content":{"rendered":"<div data-elementor-type=\"wp-page\" data-elementor-id=\"730\" class=\"elementor elementor-730\" data-elementor-post-type=\"page\">\n\t\t\t\t\t\t<section class=\"elementor-section elementor-top-section elementor-element elementor-element-7e9ee5e8 elementor-section-full_width elementor-hidden-mobile elementor-section-height-default elementor-section-height-default\" data-id=\"7e9ee5e8\" data-element_type=\"section\" data-e-type=\"section\" data-settings=\"{&quot;background_background&quot;:&quot;gradient&quot;}\">\n\t\t\t\t\t\t<div class=\"elementor-container elementor-column-gap-default\">\n\t\t\t\t\t<div class=\"elementor-column elementor-col-50 elementor-top-column elementor-element elementor-element-41301a61\" data-id=\"41301a61\" data-element_type=\"column\" data-e-type=\"column\">\n\t\t\t<div class=\"elementor-widget-wrap elementor-element-populated\">\n\t\t\t\t\t\t<div class=\"elementor-element elementor-element-c21c270 elementor-widget elementor-widget-heading\" data-id=\"c21c270\" data-element_type=\"widget\" data-e-type=\"widget\" data-widget_type=\"heading.default\">\n\t\t\t\t<div class=\"elementor-widget-container\">\n\t\t\t\t\t<h1 class=\"elementor-heading-title elementor-size-default\">Cyclone<\/h1>\t\t\t\t<\/div>\n\t\t\t\t<\/div>\n\t\t\t\t<div class=\"elementor-element elementor-element-61e1e93 elementor-widget elementor-widget-heading\" data-id=\"61e1e93\" data-element_type=\"widget\" data-e-type=\"widget\" data-widget_type=\"heading.default\">\n\t\t\t\t<div class=\"elementor-widget-container\">\n\t\t\t\t\t<h1 class=\"elementor-heading-title elementor-size-default\">Nuestra \u00faltima bomba de vac\u00edo<\/h1>\t\t\t\t<\/div>\n\t\t\t\t<\/div>\n\t\t\t\t<div class=\"elementor-element elementor-element-c3bdde6 elementor-widget elementor-widget-heading\" data-id=\"c3bdde6\" data-element_type=\"widget\" data-e-type=\"widget\" data-widget_type=\"heading.default\">\n\t\t\t\t<div class=\"elementor-widget-container\">\n\t\t\t\t\t<h2 class=\"elementor-heading-title elementor-size-default\">Black Box Vacuum Solutions se enorgullece de presentar nuestra \u00faltima bomba de vac\u00edo: la Cyclone es ideal para m\u00e1quinas CNC de tama\u00f1o peque\u00f1o y mediano.<\/h2>\t\t\t\t<\/div>\n\t\t\t\t<\/div>\n\t\t\t\t\t<\/div>\n\t\t<\/div>\n\t\t\t\t<div class=\"elementor-column elementor-col-50 elementor-top-column elementor-element elementor-element-47464ed\" data-id=\"47464ed\" data-element_type=\"column\" data-e-type=\"column\">\n\t\t\t<div class=\"elementor-widget-wrap elementor-element-populated\">\n\t\t\t\t\t\t<div class=\"elementor-element elementor-element-0556cfe elementor-widget elementor-widget-image\" data-id=\"0556cfe\" data-element_type=\"widget\" data-e-type=\"widget\" data-widget_type=\"image.default\">\n\t\t\t\t<div class=\"elementor-widget-container\">\n\t\t\t\t\t\t\t\t\t\t\t\t\t\t\t<img fetchpriority=\"high\" decoding=\"async\" width=\"750\" height=\"500\" src=\"https:\/\/blackboxvac.com\/wp-content\/uploads\/2022\/07\/cp1.png\" class=\"attachment-large size-large wp-image-541\" alt=\"Black Box Cyclone Vacuum System\" srcset=\"https:\/\/blackboxvac.com\/wp-content\/uploads\/2022\/07\/cp1.png 750w, https:\/\/blackboxvac.com\/wp-content\/uploads\/2022\/07\/cp1-600x400.png 600w, https:\/\/blackboxvac.com\/wp-content\/uploads\/2022\/07\/cp1-300x200.png 300w\" sizes=\"(max-width: 750px) 100vw, 750px\" \/>\t\t\t\t\t\t\t\t\t\t\t\t\t\t\t<\/div>\n\t\t\t\t<\/div>\n\t\t\t\t\t<\/div>\n\t\t<\/div>\n\t\t\t\t\t<\/div>\n\t\t<\/section>\n\t\t\t\t<section class=\"elementor-section elementor-top-section elementor-element elementor-element-3f9b365 elementor-section-full_width elementor-hidden-desktop elementor-hidden-tablet elementor-section-height-default elementor-section-height-default\" data-id=\"3f9b365\" data-element_type=\"section\" data-e-type=\"section\" data-settings=\"{&quot;background_background&quot;:&quot;classic&quot;}\">\n\t\t\t\t\t\t<div class=\"elementor-container elementor-column-gap-default\">\n\t\t\t\t\t<div class=\"elementor-column elementor-col-50 elementor-top-column elementor-element elementor-element-cc59d90\" data-id=\"cc59d90\" data-element_type=\"column\" data-e-type=\"column\">\n\t\t\t<div class=\"elementor-widget-wrap elementor-element-populated\">\n\t\t\t\t\t\t<div class=\"elementor-element elementor-element-06560de elementor-widget elementor-widget-heading\" data-id=\"06560de\" data-element_type=\"widget\" data-e-type=\"widget\" data-widget_type=\"heading.default\">\n\t\t\t\t<div class=\"elementor-widget-container\">\n\t\t\t\t\t<h1 class=\"elementor-heading-title elementor-size-default\">Cyclone<\/h1>\t\t\t\t<\/div>\n\t\t\t\t<\/div>\n\t\t\t\t<div class=\"elementor-element elementor-element-b73cd0f elementor-widget elementor-widget-heading\" data-id=\"b73cd0f\" data-element_type=\"widget\" data-e-type=\"widget\" data-widget_type=\"heading.default\">\n\t\t\t\t<div class=\"elementor-widget-container\">\n\t\t\t\t\t<h1 class=\"elementor-heading-title elementor-size-default\">Nuestra \u00faltima bomba de vac\u00edo<\/h1>\t\t\t\t<\/div>\n\t\t\t\t<\/div>\n\t\t\t\t<div class=\"elementor-element elementor-element-79bd479 elementor-widget elementor-widget-heading\" data-id=\"79bd479\" data-element_type=\"widget\" data-e-type=\"widget\" data-widget_type=\"heading.default\">\n\t\t\t\t<div class=\"elementor-widget-container\">\n\t\t\t\t\t<h4 class=\"elementor-heading-title elementor-size-default\">Black Box Vacuum Solutions se enorgullece de presentar nuestra \u00faltima bomba de vac\u00edo: la Cyclone es ideal para m\u00e1quinas CNC de tama\u00f1o peque\u00f1o y mediano.<\/h4>\t\t\t\t<\/div>\n\t\t\t\t<\/div>\n\t\t\t\t\t<\/div>\n\t\t<\/div>\n\t\t\t\t<div class=\"elementor-column elementor-col-50 elementor-top-column elementor-element elementor-element-87d3b69\" data-id=\"87d3b69\" data-element_type=\"column\" data-e-type=\"column\">\n\t\t\t<div class=\"elementor-widget-wrap elementor-element-populated\">\n\t\t\t\t\t\t<div class=\"elementor-element elementor-element-754ef91 elementor-widget elementor-widget-image\" data-id=\"754ef91\" data-element_type=\"widget\" data-e-type=\"widget\" data-widget_type=\"image.default\">\n\t\t\t\t<div class=\"elementor-widget-container\">\n\t\t\t\t\t\t\t\t\t\t\t\t\t\t\t<img fetchpriority=\"high\" decoding=\"async\" width=\"750\" height=\"500\" src=\"https:\/\/blackboxvac.com\/wp-content\/uploads\/2022\/07\/cp1.png\" class=\"attachment-large size-large wp-image-541\" alt=\"Black Box Cyclone Vacuum System\" srcset=\"https:\/\/blackboxvac.com\/wp-content\/uploads\/2022\/07\/cp1.png 750w, https:\/\/blackboxvac.com\/wp-content\/uploads\/2022\/07\/cp1-600x400.png 600w, https:\/\/blackboxvac.com\/wp-content\/uploads\/2022\/07\/cp1-300x200.png 300w\" sizes=\"(max-width: 750px) 100vw, 750px\" \/>\t\t\t\t\t\t\t\t\t\t\t\t\t\t\t<\/div>\n\t\t\t\t<\/div>\n\t\t\t\t\t<\/div>\n\t\t<\/div>\n\t\t\t\t\t<\/div>\n\t\t<\/section>\n\t\t\t\t<section class=\"elementor-section elementor-top-section elementor-element elementor-element-45cf6b37 elementor-section-content-middle elementor-section-boxed elementor-section-height-default elementor-section-height-default\" data-id=\"45cf6b37\" data-element_type=\"section\" data-e-type=\"section\">\n\t\t\t\t\t\t<div class=\"elementor-container elementor-column-gap-no\">\n\t\t\t\t\t<div class=\"elementor-column elementor-col-100 elementor-top-column elementor-element elementor-element-7891607d\" data-id=\"7891607d\" data-element_type=\"column\" data-e-type=\"column\">\n\t\t\t<div class=\"elementor-widget-wrap elementor-element-populated\">\n\t\t\t\t\t\t<div class=\"elementor-element elementor-element-4acb1364 elementor-widget elementor-widget-heading\" data-id=\"4acb1364\" data-element_type=\"widget\" data-e-type=\"widget\" data-widget_type=\"heading.default\">\n\t\t\t\t<div class=\"elementor-widget-container\">\n\t\t\t\t\t<h2 class=\"elementor-heading-title elementor-size-default\">\u00bfPOR QU\u00c9 ELEGIR UN SISTEMA<\/h2>\t\t\t\t<\/div>\n\t\t\t\t<\/div>\n\t\t\t\t<div class=\"elementor-element elementor-element-35c9f637 elementor-widget elementor-widget-heading\" data-id=\"35c9f637\" data-element_type=\"widget\" data-e-type=\"widget\" data-widget_type=\"heading.default\">\n\t\t\t\t<div class=\"elementor-widget-container\">\n\t\t\t\t\t<h2 class=\"elementor-heading-title elementor-size-default\">CYCLONE?<\/h2>\t\t\t\t<\/div>\n\t\t\t\t<\/div>\n\t\t\t\t<section class=\"elementor-section elementor-inner-section elementor-element elementor-element-409ca92e elementor-section-content-top elementor-section-boxed elementor-section-height-default elementor-section-height-default\" data-id=\"409ca92e\" data-element_type=\"section\" data-e-type=\"section\">\n\t\t\t\t\t\t<div class=\"elementor-container elementor-column-gap-no\">\n\t\t\t\t\t<div class=\"elementor-column elementor-col-50 elementor-inner-column elementor-element elementor-element-7b6a6c81\" data-id=\"7b6a6c81\" data-element_type=\"column\" data-e-type=\"column\">\n\t\t\t<div class=\"elementor-widget-wrap elementor-element-populated\">\n\t\t\t\t\t\t<div class=\"elementor-element elementor-element-6f669725 elementor-widget elementor-widget-heading\" data-id=\"6f669725\" data-element_type=\"widget\" data-e-type=\"widget\" data-widget_type=\"heading.default\">\n\t\t\t\t<div class=\"elementor-widget-container\">\n\t\t\t\t\t<h2 class=\"elementor-heading-title elementor-size-default\">Acerca de<\/h2>\t\t\t\t<\/div>\n\t\t\t\t<\/div>\n\t\t\t\t<div class=\"elementor-element elementor-element-78bcc87e elementor-widget elementor-widget-text-editor\" data-id=\"78bcc87e\" data-element_type=\"widget\" data-e-type=\"widget\" data-widget_type=\"text-editor.default\">\n\t\t\t\t<div class=\"elementor-widget-container\">\n\t\t\t\t\t\t\t\t\t<p>Black Box Vacuum Solutions se enorgullece de presentar el nuevo Cyclone, ahora disponible con un nuevo y elegante dise\u00f1o de acero. Esta bomba de vac\u00edo monof\u00e1sica es ideal para tama\u00f1os de mesa CNC desde 3&#039;x 5\u2032 hasta 4&#039;x 6\u2032 (o 15 ft\u00b2 a 24 ft\u00b2). Con solo presionar el bot\u00f3n, tiene a su disposici\u00f3n la potencia de tres motores de alto rendimiento y larga duraci\u00f3n. Con 9,5-10 inHg y aproximadamente 300 CFM, el Cyclone proporciona excelentes capacidades de sujeci\u00f3n para la mayor\u00eda de las aplicaciones. Al ocupar poco espacio, puede caber debajo de la mayor\u00eda de las m\u00e1quinas CNC donde el espacio es una comodidad. Este sistema realmente est\u00e1 en el punto ideal; si no estuvieras seguro si un\u00a0<a class=\"inlinelink\" href=\"https:\/\/blackboxvac.com\/es\/storm.html\/\">Storm<\/a>\u00a0era lo suficientemente potente pero no quiere el nivel del\u00a0<a class=\"inlinelink\" href=\"https:\/\/blackboxvac.com\/es\/hurricane.html\/\">Hurricane<\/a>, el Cyclone es la soluci\u00f3n perfecta para sus necesidades de sujeci\u00f3n.<\/p>\t\t\t\t\t\t\t\t<\/div>\n\t\t\t\t<\/div>\n\t\t\t\t\t<\/div>\n\t\t<\/div>\n\t\t\t\t<div class=\"elementor-column elementor-col-50 elementor-inner-column elementor-element elementor-element-3d19cbc5\" data-id=\"3d19cbc5\" data-element_type=\"column\" data-e-type=\"column\">\n\t\t\t<div class=\"elementor-widget-wrap elementor-element-populated\">\n\t\t\t\t\t\t<div class=\"elementor-element elementor-element-1a951a3a elementor-widget elementor-widget-heading\" data-id=\"1a951a3a\" data-element_type=\"widget\" data-e-type=\"widget\" data-widget_type=\"heading.default\">\n\t\t\t\t<div class=\"elementor-widget-container\">\n\t\t\t\t\t<h2 class=\"elementor-heading-title elementor-size-default\">Un sistema completo<\/h2>\t\t\t\t<\/div>\n\t\t\t\t<\/div>\n\t\t\t\t<div class=\"elementor-element elementor-element-24709db0 elementor-widget elementor-widget-text-editor\" data-id=\"24709db0\" data-element_type=\"widget\" data-e-type=\"widget\" data-widget_type=\"text-editor.default\">\n\t\t\t\t<div class=\"elementor-widget-container\">\n\t\t\t\t\t\t\t\t\t<p>El Cyclone viene equipado con una base amortiguadora de sonido, un sistema de v\u00e1lvula de alivio, un indicador de vacio y un filtro en l\u00ednea est\u00e1ndar, lo que lo convierte en un sistema de vac\u00edo completo sin necesidad de compras adicionales.<\/p>\t\t\t\t\t\t\t\t<\/div>\n\t\t\t\t<\/div>\n\t\t\t\t<div class=\"elementor-element elementor-element-325c5ad0 elementor-widget elementor-widget-heading\" data-id=\"325c5ad0\" data-element_type=\"widget\" data-e-type=\"widget\" data-widget_type=\"heading.default\">\n\t\t\t\t<div class=\"elementor-widget-container\">\n\t\t\t\t\t<h2 class=\"elementor-heading-title elementor-size-default\">Filtraci\u00f3n de aire de admisi\u00f3n<\/h2>\t\t\t\t<\/div>\n\t\t\t\t<\/div>\n\t\t\t\t<div class=\"elementor-element elementor-element-4bccdc21 elementor-widget elementor-widget-text-editor\" data-id=\"4bccdc21\" data-element_type=\"widget\" data-e-type=\"widget\" data-widget_type=\"text-editor.default\">\n\t\t\t\t<div class=\"elementor-widget-container\">\n\t\t\t\t\t\t\t\t\t<p>An inline canister filter is included with the Cyclone Vacuum Pump. This industrial-grade filter protects your investment and is guaranteed to extend the life of your Cyclone Pump\u2019s motors by preventing debris from entering the pump and causing damage.<\/p>\t\t\t\t\t\t\t\t<\/div>\n\t\t\t\t<\/div>\n\t\t\t\t\t<\/div>\n\t\t<\/div>\n\t\t\t\t\t<\/div>\n\t\t<\/section>\n\t\t\t\t<section class=\"elementor-section elementor-inner-section elementor-element elementor-element-247da8b elementor-section-content-top elementor-section-boxed elementor-section-height-default elementor-section-height-default\" data-id=\"247da8b\" data-element_type=\"section\" data-e-type=\"section\">\n\t\t\t\t\t\t<div class=\"elementor-container elementor-column-gap-no\">\n\t\t\t\t\t<div class=\"elementor-column elementor-col-100 elementor-inner-column elementor-element elementor-element-d9bb5c9\" data-id=\"d9bb5c9\" data-element_type=\"column\" data-e-type=\"column\">\n\t\t\t<div class=\"elementor-widget-wrap elementor-element-populated\">\n\t\t\t\t\t\t<div class=\"elementor-element elementor-element-c22674e elementor-align-center elementor-widget elementor-widget-button\" data-id=\"c22674e\" data-element_type=\"widget\" data-e-type=\"widget\" data-widget_type=\"button.default\">\n\t\t\t\t<div class=\"elementor-widget-container\">\n\t\t\t\t\t\t\t\t\t<div class=\"elementor-button-wrapper\">\n\t\t\t\t\t<a class=\"elementor-button elementor-button-link elementor-size-xl\" href=\"https:\/\/blackboxvac.com\/es\/producto\/cyclone-vacuum-system\/\">\n\t\t\t\t\t\t<span class=\"elementor-button-content-wrapper\">\n\t\t\t\t\t\t\t\t\t<span class=\"elementor-button-text\">COMPRAR AHORA<\/span>\n\t\t\t\t\t<\/span>\n\t\t\t\t\t<\/a>\n\t\t\t\t<\/div>\n\t\t\t\t\t\t\t\t<\/div>\n\t\t\t\t<\/div>\n\t\t\t\t\t<\/div>\n\t\t<\/div>\n\t\t\t\t\t<\/div>\n\t\t<\/section>\n\t\t\t\t\t<\/div>\n\t\t<\/div>\n\t\t\t\t\t<\/div>\n\t\t<\/section>\n\t\t\t\t<section class=\"elementor-section elementor-top-section elementor-element elementor-element-6a09e768 elementor-section-boxed elementor-section-height-default elementor-section-height-default\" data-id=\"6a09e768\" data-element_type=\"section\" data-e-type=\"section\">\n\t\t\t\t\t\t<div class=\"elementor-container elementor-column-gap-default\">\n\t\t\t\t\t<div class=\"elementor-column elementor-col-100 elementor-top-column elementor-element elementor-element-1d318840\" data-id=\"1d318840\" data-element_type=\"column\" data-e-type=\"column\">\n\t\t\t<div class=\"elementor-widget-wrap elementor-element-populated\">\n\t\t\t\t\t\t<div class=\"elementor-element elementor-element-47d8a179 elementor-widget-divider--view-line elementor-widget elementor-widget-divider\" data-id=\"47d8a179\" data-element_type=\"widget\" data-e-type=\"widget\" data-widget_type=\"divider.default\">\n\t\t\t\t<div class=\"elementor-widget-container\">\n\t\t\t\t\t\t\t<div class=\"elementor-divider\">\n\t\t\t<span class=\"elementor-divider-separator\">\n\t\t\t\t\t\t<\/span>\n\t\t<\/div>\n\t\t\t\t\t\t<\/div>\n\t\t\t\t<\/div>\n\t\t\t\t\t<\/div>\n\t\t<\/div>\n\t\t\t\t\t<\/div>\n\t\t<\/section>\n\t\t\t\t<section class=\"elementor-section elementor-top-section elementor-element elementor-element-2f6687d7 elementor-section-content-middle elementor-section-boxed elementor-section-height-default elementor-section-height-default\" data-id=\"2f6687d7\" data-element_type=\"section\" data-e-type=\"section\">\n\t\t\t\t\t\t<div class=\"elementor-container elementor-column-gap-no\">\n\t\t\t\t\t<div class=\"elementor-column elementor-col-100 elementor-top-column elementor-element elementor-element-772ff701\" data-id=\"772ff701\" data-element_type=\"column\" data-e-type=\"column\">\n\t\t\t<div class=\"elementor-widget-wrap elementor-element-populated\">\n\t\t\t\t\t\t<div class=\"elementor-element elementor-element-1e4891b9 elementor-widget elementor-widget-heading\" data-id=\"1e4891b9\" data-element_type=\"widget\" data-e-type=\"widget\" data-widget_type=\"heading.default\">\n\t\t\t\t<div class=\"elementor-widget-container\">\n\t\t\t\t\t<h2 class=\"elementor-heading-title elementor-size-default\">CYCLONE<\/h2>\t\t\t\t<\/div>\n\t\t\t\t<\/div>\n\t\t\t\t<div class=\"elementor-element elementor-element-2e10f05e elementor-widget elementor-widget-heading\" data-id=\"2e10f05e\" data-element_type=\"widget\" data-e-type=\"widget\" data-widget_type=\"heading.default\">\n\t\t\t\t<div class=\"elementor-widget-container\">\n\t\t\t\t\t<h2 class=\"elementor-heading-title elementor-size-default\">DETALLES<\/h2>\t\t\t\t<\/div>\n\t\t\t\t<\/div>\n\t\t\t\t<section class=\"elementor-section elementor-inner-section elementor-element elementor-element-68aecbdd elementor-section-content-top elementor-section-boxed elementor-section-height-default elementor-section-height-default\" data-id=\"68aecbdd\" data-element_type=\"section\" data-e-type=\"section\">\n\t\t\t\t\t\t<div class=\"elementor-container elementor-column-gap-no\">\n\t\t\t\t\t<div class=\"elementor-column elementor-col-50 elementor-inner-column elementor-element elementor-element-4cf706cc\" data-id=\"4cf706cc\" data-element_type=\"column\" data-e-type=\"column\">\n\t\t\t<div class=\"elementor-widget-wrap elementor-element-populated\">\n\t\t\t\t\t\t<div class=\"elementor-element elementor-element-2cc70737 elementor-widget elementor-widget-heading\" data-id=\"2cc70737\" data-element_type=\"widget\" data-e-type=\"widget\" data-widget_type=\"heading.default\">\n\t\t\t\t<div class=\"elementor-widget-container\">\n\t\t\t\t\t<h2 class=\"elementor-heading-title elementor-size-default\">Especificaciones<\/h2>\t\t\t\t<\/div>\n\t\t\t\t<\/div>\n\t\t\t\t<div class=\"elementor-element elementor-element-2f21f503 elementor-widget elementor-widget-text-editor\" data-id=\"2f21f503\" data-element_type=\"widget\" data-e-type=\"widget\" data-widget_type=\"text-editor.default\">\n\t\t\t\t<div class=\"elementor-widget-container\">\n\t\t\t\t\t\t\t\t\t<ul>\n<li><span>~300 pies c\u00fabicos por minuto<\/span><\/li>\n<li><span>Dimensiones: 27\u2033x 17\u2033x 17\u2033<\/span><\/li>\n<li><span>Vac\u00edo sellado de 9,5 a 10 inHg<\/span><\/li>\n<li><span>Puerto de entrada de acero roscado de 3\u2033<\/span><\/li>\n<li><span>Sistema monof\u00e1sico 220 \u2013 240 VCA \/ 30 Amperios<\/span><\/li>\n<li><span>Enchufe NEMA L6-30P (especificaci\u00f3n de EE. UU. y Canad\u00e1)<\/span><\/li>\n<li><span>3 motores de vac\u00edo de alto rendimiento y larga duraci\u00f3n<\/span><\/li><li style=\"font-size: 18px;\">Shipping Weight 200lbs<\/li>\n<\/ul>\t\t\t\t\t\t\t\t<\/div>\n\t\t\t\t<\/div>\n\t\t\t\t\t<\/div>\n\t\t<\/div>\n\t\t\t\t<div class=\"elementor-column elementor-col-50 elementor-inner-column elementor-element elementor-element-7ba5e5d\" data-id=\"7ba5e5d\" data-element_type=\"column\" data-e-type=\"column\">\n\t\t\t<div class=\"elementor-widget-wrap elementor-element-populated\">\n\t\t\t\t\t\t<div class=\"elementor-element elementor-element-a75c21f elementor-widget elementor-widget-heading\" data-id=\"a75c21f\" data-element_type=\"widget\" data-e-type=\"widget\" data-widget_type=\"heading.default\">\n\t\t\t\t<div class=\"elementor-widget-container\">\n\t\t\t\t\t<h2 class=\"elementor-heading-title elementor-size-default\">Caracter\u00edsticas<\/h2>\t\t\t\t<\/div>\n\t\t\t\t<\/div>\n\t\t\t\t<div class=\"elementor-element elementor-element-12b33ae elementor-widget elementor-widget-text-editor\" data-id=\"12b33ae\" data-element_type=\"widget\" data-e-type=\"widget\" data-widget_type=\"text-editor.default\">\n\t\t\t\t<div class=\"elementor-widget-container\">\n\t\t\t\t\t\t\t\t\t<ul><li>Base de amortiguaci\u00f3n de sonido<\/li><li>Indicador de vacio integrado<\/li><li>Filtro de recipiente en l\u00ednea incluido<\/li><li>Acabado duradero con recubrimiento en polvo.<\/li><li>Sistema de v\u00e1lvula de alivio integrado<\/li><li>Nuevo y elegante dise\u00f1o industrial de acero s\u00f3lido<\/li><li>Interruptor de alimentaci\u00f3n con tecnolog\u00eda de disyunci\u00f3n<\/li><li>Sistema de ventilaci\u00f3n de aire de alto flujo con filtros reemplazables<\/li><\/ul>\t\t\t\t\t\t\t\t<\/div>\n\t\t\t\t<\/div>\n\t\t\t\t\t<\/div>\n\t\t<\/div>\n\t\t\t\t\t<\/div>\n\t\t<\/section>\n\t\t\t\t\t<\/div>\n\t\t<\/div>\n\t\t\t\t\t<\/div>\n\t\t<\/section>\n\t\t\t\t<\/div>","protected":false},"excerpt":{"rendered":"<p>The Cyclone Our latest vacuum pump Black Box Vacuum Solutions is proud to introduce our latest vacuum pump: The Cyclone is ideal for small to midsized CNC routers. The Cyclone Our latest vacuum pump Black Box Vacuum Solutions is proud to introduce our latest vacuum pump: The Cyclone is ideal for small to midsized CNC [&hellip;]<\/p>\n","protected":false},"author":1,"featured_media":0,"parent":0,"menu_order":0,"comment_status":"closed","ping_status":"closed","template":"elementor_header_footer","meta":{"_seopress_robots_primary_cat":"","_seopress_titles_title":"Cyclone | CNC Vacuum Pump | Black Box Vacuum","_seopress_titles_desc":"Discover the powerful Cyclone CNC Vacuum Pump at Black Box Vacuum \u2013 your ultimate choice for enhancing CNC router efficiency. Perfect for small to mid-sized CNC routers. Shop now for top performance and reliability!","_seopress_robots_index":"","site-sidebar-layout":"no-sidebar","site-content-layout":"page-builder","ast-site-content-layout":"full-width-container","site-content-style":"unboxed","site-sidebar-style":"unboxed","ast-global-header-display":"","ast-banner-title-visibility":"","ast-main-header-display":"","ast-hfb-above-header-display":"","ast-hfb-below-header-display":"","ast-hfb-mobile-header-display":"","site-post-title":"disabled","ast-breadcrumbs-content":"","ast-featured-img":"disabled","footer-sml-layout":"","ast-disable-related-posts":"","theme-transparent-header-meta":"default","adv-header-id-meta":"","stick-header-meta":"","header-above-stick-meta":"","header-main-stick-meta":"","header-below-stick-meta":"","astra-migrate-meta-layouts":"set","ast-page-background-enabled":"default","ast-page-background-meta":{"desktop":{"background-color":"","background-image":"","background-repeat":"repeat","background-position":"center center","background-size":"auto","background-attachment":"scroll","background-type":"","background-media":"","overlay-type":"","overlay-color":"","overlay-opacity":"","overlay-gradient":""},"tablet":{"background-color":"","background-image":"","background-repeat":"repeat","background-position":"center center","background-size":"auto","background-attachment":"scroll","background-type":"","background-media":"","overlay-type":"","overlay-color":"","overlay-opacity":"","overlay-gradient":""},"mobile":{"background-color":"","background-image":"","background-repeat":"repeat","background-position":"center center","background-size":"auto","background-attachment":"scroll","background-type":"","background-media":"","overlay-type":"","overlay-color":"","overlay-opacity":"","overlay-gradient":""}},"ast-content-background-meta":{"desktop":{"background-color":"var(--ast-global-color-5)","background-image":"","background-repeat":"repeat","background-position":"center center","background-size":"auto","background-attachment":"scroll","background-type":"","background-media":"","overlay-type":"","overlay-color":"","overlay-opacity":"","overlay-gradient":""},"tablet":{"background-color":"var(--ast-global-color-5)","background-image":"","background-repeat":"repeat","background-position":"center center","background-size":"auto","background-attachment":"scroll","background-type":"","background-media":"","overlay-type":"","overlay-color":"","overlay-opacity":"","overlay-gradient":""},"mobile":{"background-color":"var(--ast-global-color-5)","background-image":"","background-repeat":"repeat","background-position":"center center","background-size":"auto","background-attachment":"scroll","background-type":"","background-media":"","overlay-type":"","overlay-color":"","overlay-opacity":"","overlay-gradient":""}},"footnotes":""},"class_list":["post-730","page","type-page","status-publish","hentry"],"_links":{"self":[{"href":"https:\/\/blackboxvac.com\/es\/wp-json\/wp\/v2\/pages\/730","targetHints":{"allow":["GET"]}}],"collection":[{"href":"https:\/\/blackboxvac.com\/es\/wp-json\/wp\/v2\/pages"}],"about":[{"href":"https:\/\/blackboxvac.com\/es\/wp-json\/wp\/v2\/types\/page"}],"author":[{"embeddable":true,"href":"https:\/\/blackboxvac.com\/es\/wp-json\/wp\/v2\/users\/1"}],"replies":[{"embeddable":true,"href":"https:\/\/blackboxvac.com\/es\/wp-json\/wp\/v2\/comments?post=730"}],"version-history":[{"count":60,"href":"https:\/\/blackboxvac.com\/es\/wp-json\/wp\/v2\/pages\/730\/revisions"}],"predecessor-version":[{"id":9264,"href":"https:\/\/blackboxvac.com\/es\/wp-json\/wp\/v2\/pages\/730\/revisions\/9264"}],"wp:attachment":[{"href":"https:\/\/blackboxvac.com\/es\/wp-json\/wp\/v2\/media?parent=730"}],"curies":[{"name":"wp","href":"https:\/\/api.w.org\/{rel}","templated":true}]}}