{"id":709,"date":"2022-08-02T19:24:29","date_gmt":"2022-08-02T19:24:29","guid":{"rendered":"https:\/\/blackboxvac.boostsalon.com\/?page_id=709"},"modified":"2025-10-07T22:43:53","modified_gmt":"2025-10-08T02:43:53","slug":"hurricane","status":"publish","type":"page","link":"https:\/\/blackboxvac.com\/es\/hurricane\/","title":{"rendered":"Hurricane"},"content":{"rendered":"<div data-elementor-type=\"wp-page\" data-elementor-id=\"709\" class=\"elementor elementor-709\" data-elementor-post-type=\"page\">\n\t\t\t\t\t\t<section class=\"elementor-section elementor-top-section elementor-element elementor-element-3c519309 elementor-section-full_width elementor-hidden-mobile elementor-section-height-default elementor-section-height-default\" data-id=\"3c519309\" data-element_type=\"section\" data-e-type=\"section\" data-settings=\"{&quot;background_background&quot;:&quot;gradient&quot;}\">\n\t\t\t\t\t\t<div class=\"elementor-container elementor-column-gap-default\">\n\t\t\t\t\t<div class=\"elementor-column elementor-col-50 elementor-top-column elementor-element elementor-element-d9e56b2\" data-id=\"d9e56b2\" data-element_type=\"column\" data-e-type=\"column\">\n\t\t\t<div class=\"elementor-widget-wrap elementor-element-populated\">\n\t\t\t\t\t\t<div class=\"elementor-element elementor-element-29118715 elementor-widget elementor-widget-heading\" data-id=\"29118715\" data-element_type=\"widget\" data-e-type=\"widget\" data-widget_type=\"heading.default\">\n\t\t\t\t<div class=\"elementor-widget-container\">\n\t\t\t\t\t<h1 class=\"elementor-heading-title elementor-size-default\">El Hurricane<\/h1>\t\t\t\t<\/div>\n\t\t\t\t<\/div>\n\t\t\t\t<div class=\"elementor-element elementor-element-44df4aeb elementor-widget elementor-widget-heading\" data-id=\"44df4aeb\" data-element_type=\"widget\" data-e-type=\"widget\" data-widget_type=\"heading.default\">\n\t\t\t\t<div class=\"elementor-widget-container\">\n\t\t\t\t\t<h1 class=\"elementor-heading-title elementor-size-default\">NUESTRO PRODUCTO PRINCIPAL<\/h1>\t\t\t\t<\/div>\n\t\t\t\t<\/div>\n\t\t\t\t<div class=\"elementor-element elementor-element-70904a4c elementor-widget elementor-widget-heading\" data-id=\"70904a4c\" data-element_type=\"widget\" data-e-type=\"widget\" data-widget_type=\"heading.default\">\n\t\t\t\t<div class=\"elementor-widget-container\">\n\t\t\t\t\t<h2 class=\"elementor-heading-title elementor-size-default\">La bomba de vac\u00edo Hurricane ofrece una potente retenci\u00f3n de vac\u00edo para m\u00e1quinas CNC de tama\u00f1o completo. Este sistema de vac\u00edo monof\u00e1sico brinda a los clientes sin energ\u00eda trif\u00e1sica la misma capacidad de retenci\u00f3n que los sistemas trif\u00e1sicos m\u00e1s grandes y costosos por una fracci\u00f3n del costo.<\/h2>\t\t\t\t<\/div>\n\t\t\t\t<\/div>\n\t\t\t\t\t<\/div>\n\t\t<\/div>\n\t\t\t\t<div class=\"elementor-column elementor-col-50 elementor-top-column elementor-element elementor-element-30f33bf0\" data-id=\"30f33bf0\" data-element_type=\"column\" data-e-type=\"column\">\n\t\t\t<div class=\"elementor-widget-wrap elementor-element-populated\">\n\t\t\t\t\t\t<div class=\"elementor-element elementor-element-18a97237 elementor-widget elementor-widget-image\" data-id=\"18a97237\" data-element_type=\"widget\" data-e-type=\"widget\" data-widget_type=\"image.default\">\n\t\t\t\t<div class=\"elementor-widget-container\">\n\t\t\t\t\t\t\t\t\t\t\t\t\t\t\t<img fetchpriority=\"high\" decoding=\"async\" width=\"750\" height=\"500\" src=\"https:\/\/blackboxvac.com\/wp-content\/uploads\/2022\/07\/hp1.png\" class=\"attachment-large size-large wp-image-542\" alt=\"Black Box Hurricane Vacuum System\" srcset=\"https:\/\/blackboxvac.com\/wp-content\/uploads\/2022\/07\/hp1.png 750w, https:\/\/blackboxvac.com\/wp-content\/uploads\/2022\/07\/hp1-600x400.png 600w, https:\/\/blackboxvac.com\/wp-content\/uploads\/2022\/07\/hp1-300x200.png 300w\" sizes=\"(max-width: 750px) 100vw, 750px\" \/>\t\t\t\t\t\t\t\t\t\t\t\t\t\t\t<\/div>\n\t\t\t\t<\/div>\n\t\t\t\t\t<\/div>\n\t\t<\/div>\n\t\t\t\t\t<\/div>\n\t\t<\/section>\n\t\t\t\t<section class=\"elementor-section elementor-top-section elementor-element elementor-element-3e6cc22 elementor-section-full_width elementor-hidden-desktop elementor-hidden-tablet elementor-section-height-default elementor-section-height-default\" data-id=\"3e6cc22\" data-element_type=\"section\" data-e-type=\"section\" data-settings=\"{&quot;background_background&quot;:&quot;classic&quot;}\">\n\t\t\t\t\t\t<div class=\"elementor-container elementor-column-gap-default\">\n\t\t\t\t\t<div class=\"elementor-column elementor-col-50 elementor-top-column elementor-element elementor-element-86360b0\" data-id=\"86360b0\" data-element_type=\"column\" data-e-type=\"column\">\n\t\t\t<div class=\"elementor-widget-wrap elementor-element-populated\">\n\t\t\t\t\t\t<div class=\"elementor-element elementor-element-1022d35 elementor-widget elementor-widget-heading\" data-id=\"1022d35\" data-element_type=\"widget\" data-e-type=\"widget\" data-widget_type=\"heading.default\">\n\t\t\t\t<div class=\"elementor-widget-container\">\n\t\t\t\t\t<h1 class=\"elementor-heading-title elementor-size-default\">El Hurricane<\/h1>\t\t\t\t<\/div>\n\t\t\t\t<\/div>\n\t\t\t\t<div class=\"elementor-element elementor-element-0b31873 elementor-widget elementor-widget-heading\" data-id=\"0b31873\" data-element_type=\"widget\" data-e-type=\"widget\" data-widget_type=\"heading.default\">\n\t\t\t\t<div class=\"elementor-widget-container\">\n\t\t\t\t\t<h1 class=\"elementor-heading-title elementor-size-default\">NUESTRO PRODUCTO PRINCIPAL<\/h1>\t\t\t\t<\/div>\n\t\t\t\t<\/div>\n\t\t\t\t<div class=\"elementor-element elementor-element-a803436 elementor-widget elementor-widget-heading\" data-id=\"a803436\" data-element_type=\"widget\" data-e-type=\"widget\" data-widget_type=\"heading.default\">\n\t\t\t\t<div class=\"elementor-widget-container\">\n\t\t\t\t\t<h4 class=\"elementor-heading-title elementor-size-default\">La bomba de vac\u00edo Hurricane ofrece una potente retenci\u00f3n de vac\u00edo para m\u00e1quinas CNC de tama\u00f1o completo. Este sistema de vac\u00edo monof\u00e1sico brinda a los clientes sin energ\u00eda trif\u00e1sica la misma capacidad de retenci\u00f3n que los sistemas trif\u00e1sicos m\u00e1s grandes y costosos por una fracci\u00f3n del costo.<\/h4>\t\t\t\t<\/div>\n\t\t\t\t<\/div>\n\t\t\t\t\t<\/div>\n\t\t<\/div>\n\t\t\t\t<div class=\"elementor-column elementor-col-50 elementor-top-column elementor-element elementor-element-f006c8a\" data-id=\"f006c8a\" data-element_type=\"column\" data-e-type=\"column\">\n\t\t\t<div class=\"elementor-widget-wrap elementor-element-populated\">\n\t\t\t\t\t\t<div class=\"elementor-element elementor-element-192f468 elementor-widget elementor-widget-image\" data-id=\"192f468\" data-element_type=\"widget\" data-e-type=\"widget\" data-widget_type=\"image.default\">\n\t\t\t\t<div class=\"elementor-widget-container\">\n\t\t\t\t\t\t\t\t\t\t\t\t\t\t\t<img fetchpriority=\"high\" decoding=\"async\" width=\"750\" height=\"500\" src=\"https:\/\/blackboxvac.com\/wp-content\/uploads\/2022\/07\/hp1.png\" class=\"attachment-large size-large wp-image-542\" alt=\"Black Box Hurricane Vacuum System\" srcset=\"https:\/\/blackboxvac.com\/wp-content\/uploads\/2022\/07\/hp1.png 750w, https:\/\/blackboxvac.com\/wp-content\/uploads\/2022\/07\/hp1-600x400.png 600w, https:\/\/blackboxvac.com\/wp-content\/uploads\/2022\/07\/hp1-300x200.png 300w\" sizes=\"(max-width: 750px) 100vw, 750px\" \/>\t\t\t\t\t\t\t\t\t\t\t\t\t\t\t<\/div>\n\t\t\t\t<\/div>\n\t\t\t\t\t<\/div>\n\t\t<\/div>\n\t\t\t\t\t<\/div>\n\t\t<\/section>\n\t\t\t\t<section class=\"elementor-section elementor-top-section elementor-element elementor-element-6caba7a9 elementor-section-content-middle elementor-section-boxed elementor-section-height-default elementor-section-height-default\" data-id=\"6caba7a9\" data-element_type=\"section\" data-e-type=\"section\">\n\t\t\t\t\t\t<div class=\"elementor-container elementor-column-gap-no\">\n\t\t\t\t\t<div class=\"elementor-column elementor-col-100 elementor-top-column elementor-element elementor-element-5bd8f0e7\" data-id=\"5bd8f0e7\" data-element_type=\"column\" data-e-type=\"column\">\n\t\t\t<div class=\"elementor-widget-wrap elementor-element-populated\">\n\t\t\t\t\t\t<div class=\"elementor-element elementor-element-5823c21f elementor-widget elementor-widget-heading\" data-id=\"5823c21f\" data-element_type=\"widget\" data-e-type=\"widget\" data-widget_type=\"heading.default\">\n\t\t\t\t<div class=\"elementor-widget-container\">\n\t\t\t\t\t<h2 class=\"elementor-heading-title elementor-size-default\">\u00bfPOR QU\u00c9 ELEGIR UN SISTEMA<\/h2>\t\t\t\t<\/div>\n\t\t\t\t<\/div>\n\t\t\t\t<div class=\"elementor-element elementor-element-7e4b56ac elementor-widget elementor-widget-heading\" data-id=\"7e4b56ac\" data-element_type=\"widget\" data-e-type=\"widget\" data-widget_type=\"heading.default\">\n\t\t\t\t<div class=\"elementor-widget-container\">\n\t\t\t\t\t<h2 class=\"elementor-heading-title elementor-size-default\">HURRICANE?<\/h2>\t\t\t\t<\/div>\n\t\t\t\t<\/div>\n\t\t\t\t<section class=\"elementor-section elementor-inner-section elementor-element elementor-element-f77109e elementor-section-content-top elementor-section-boxed elementor-section-height-default elementor-section-height-default\" data-id=\"f77109e\" data-element_type=\"section\" data-e-type=\"section\">\n\t\t\t\t\t\t<div class=\"elementor-container elementor-column-gap-no\">\n\t\t\t\t\t<div class=\"elementor-column elementor-col-50 elementor-inner-column elementor-element elementor-element-2424ddd2\" data-id=\"2424ddd2\" data-element_type=\"column\" data-e-type=\"column\">\n\t\t\t<div class=\"elementor-widget-wrap elementor-element-populated\">\n\t\t\t\t\t\t<div class=\"elementor-element elementor-element-14219c59 elementor-widget elementor-widget-heading\" data-id=\"14219c59\" data-element_type=\"widget\" data-e-type=\"widget\" data-widget_type=\"heading.default\">\n\t\t\t\t<div class=\"elementor-widget-container\">\n\t\t\t\t\t<h2 class=\"elementor-heading-title elementor-size-default\">Acerca de<\/h2>\t\t\t\t<\/div>\n\t\t\t\t<\/div>\n\t\t\t\t<div class=\"elementor-element elementor-element-73817c2 elementor-widget elementor-widget-text-editor\" data-id=\"73817c2\" data-element_type=\"widget\" data-e-type=\"widget\" data-widget_type=\"text-editor.default\">\n\t\t\t\t<div class=\"elementor-widget-container\">\n\t\t\t\t\t\t\t\t\t<p>El sistema Hurricane es nuestro modelo estrella y con raz\u00f3n. Esta bomba de vac\u00edo monof\u00e1sica de 220 V de grado industrial es ideal para mesas CNC de tama\u00f1o mediano a grande, desde 5\u2032 x 5\u2032 hasta 5\u2032 x 10\u2032 (o 25 ft\u00b2 a 50 ft\u00b2). Los sistemas integrados de v\u00e1lvula de alivio y ventilaci\u00f3n de aire filtrado mantienen su Hurricane funcionando m\u00e1s fresco, mientras que la base de amortiguaci\u00f3n de sonido mantiene la unidad funcionando m\u00e1s silenciosamente que otros sistemas comparables. El Hurricane viene con todo lo que necesita para empezar a funcionar; no se necesitan compras adicionales. Cuando se combinan todas las caracter\u00edsticas del Hurricane con su facilidad de instalaci\u00f3n, operaci\u00f3n y mantenimiento, el Hurricane es la decisi\u00f3n correcta para sus necesidades de sujeci\u00f3n por vac\u00edo monof\u00e1sico.<\/p>\t\t\t\t\t\t\t\t<\/div>\n\t\t\t\t<\/div>\n\t\t\t\t\t<\/div>\n\t\t<\/div>\n\t\t\t\t<div class=\"elementor-column elementor-col-50 elementor-inner-column elementor-element elementor-element-782b4284\" data-id=\"782b4284\" data-element_type=\"column\" data-e-type=\"column\">\n\t\t\t<div class=\"elementor-widget-wrap elementor-element-populated\">\n\t\t\t\t\t\t<div class=\"elementor-element elementor-element-4f7077d8 elementor-widget elementor-widget-heading\" data-id=\"4f7077d8\" data-element_type=\"widget\" data-e-type=\"widget\" data-widget_type=\"heading.default\">\n\t\t\t\t<div class=\"elementor-widget-container\">\n\t\t\t\t\t<h2 class=\"elementor-heading-title elementor-size-default\">Dise\u00f1o \u00fanico de dos etapas<\/h2>\t\t\t\t<\/div>\n\t\t\t\t<\/div>\n\t\t\t\t<div class=\"elementor-element elementor-element-131741d elementor-widget elementor-widget-text-editor\" data-id=\"131741d\" data-element_type=\"widget\" data-e-type=\"widget\" data-widget_type=\"text-editor.default\">\n\t\t\t\t<div class=\"elementor-widget-container\">\n\t\t\t\t\t\t\t\t\t<p>El dise\u00f1o exclusivo de dos etapas del Hurricane le permite elegir entre el modo de dos motores o el modo de cuatro motores con solo presionar un bot\u00f3n. Esta caracter\u00edstica le permite usar la cantidad deseada de vac\u00edo necesaria y prolongar la vida \u00fatil de sus motores usando solo los motores secundarios cuando sea necesario.<\/p>\t\t\t\t\t\t\t\t<\/div>\n\t\t\t\t<\/div>\n\t\t\t\t<div class=\"elementor-element elementor-element-13413d1b elementor-widget elementor-widget-heading\" data-id=\"13413d1b\" data-element_type=\"widget\" data-e-type=\"widget\" data-widget_type=\"heading.default\">\n\t\t\t\t<div class=\"elementor-widget-container\">\n\t\t\t\t\t<h2 class=\"elementor-heading-title elementor-size-default\">Filtraci\u00f3n de aire de admisi\u00f3n<\/h2>\t\t\t\t<\/div>\n\t\t\t\t<\/div>\n\t\t\t\t<div class=\"elementor-element elementor-element-135db751 elementor-widget elementor-widget-text-editor\" data-id=\"135db751\" data-element_type=\"widget\" data-e-type=\"widget\" data-widget_type=\"text-editor.default\">\n\t\t\t\t<div class=\"elementor-widget-container\">\n\t\t\t\t\t\t\t\t\t<p>An inline canister filter is included with the Hurricane Vacuum Pump. This industrial-grade filter protects your investment and is guaranteed to extend the life of your Hurricane Pump\u2019s motors by preventing debris from entering the pump and causing damage.<\/p>\t\t\t\t\t\t\t\t<\/div>\n\t\t\t\t<\/div>\n\t\t\t\t\t<\/div>\n\t\t<\/div>\n\t\t\t\t\t<\/div>\n\t\t<\/section>\n\t\t\t\t<section class=\"elementor-section elementor-inner-section elementor-element elementor-element-60c35278 elementor-section-content-top elementor-section-boxed elementor-section-height-default elementor-section-height-default\" data-id=\"60c35278\" data-element_type=\"section\" data-e-type=\"section\">\n\t\t\t\t\t\t<div class=\"elementor-container elementor-column-gap-no\">\n\t\t\t\t\t<div class=\"elementor-column elementor-col-100 elementor-inner-column elementor-element elementor-element-5b382390\" data-id=\"5b382390\" data-element_type=\"column\" data-e-type=\"column\">\n\t\t\t<div class=\"elementor-widget-wrap elementor-element-populated\">\n\t\t\t\t\t\t<div class=\"elementor-element elementor-element-57be757e elementor-align-center elementor-widget elementor-widget-button\" data-id=\"57be757e\" data-element_type=\"widget\" data-e-type=\"widget\" data-widget_type=\"button.default\">\n\t\t\t\t<div class=\"elementor-widget-container\">\n\t\t\t\t\t\t\t\t\t<div class=\"elementor-button-wrapper\">\n\t\t\t\t\t<a class=\"elementor-button elementor-button-link elementor-size-xl\" href=\"https:\/\/blackboxvac.com\/es\/producto\/hurricane-vacuum-system\/\">\n\t\t\t\t\t\t<span class=\"elementor-button-content-wrapper\">\n\t\t\t\t\t\t\t\t\t<span class=\"elementor-button-text\">COMPRAR AHORA<\/span>\n\t\t\t\t\t<\/span>\n\t\t\t\t\t<\/a>\n\t\t\t\t<\/div>\n\t\t\t\t\t\t\t\t<\/div>\n\t\t\t\t<\/div>\n\t\t\t\t\t<\/div>\n\t\t<\/div>\n\t\t\t\t\t<\/div>\n\t\t<\/section>\n\t\t\t\t\t<\/div>\n\t\t<\/div>\n\t\t\t\t\t<\/div>\n\t\t<\/section>\n\t\t\t\t<section class=\"elementor-section elementor-top-section elementor-element elementor-element-54173f05 elementor-section-boxed elementor-section-height-default elementor-section-height-default\" data-id=\"54173f05\" data-element_type=\"section\" data-e-type=\"section\">\n\t\t\t\t\t\t<div class=\"elementor-container elementor-column-gap-default\">\n\t\t\t\t\t<div class=\"elementor-column elementor-col-100 elementor-top-column elementor-element elementor-element-3a9eb472\" data-id=\"3a9eb472\" data-element_type=\"column\" data-e-type=\"column\">\n\t\t\t<div class=\"elementor-widget-wrap elementor-element-populated\">\n\t\t\t\t\t\t<div class=\"elementor-element elementor-element-3f9c7de6 elementor-widget-divider--view-line elementor-widget elementor-widget-divider\" data-id=\"3f9c7de6\" data-element_type=\"widget\" data-e-type=\"widget\" data-widget_type=\"divider.default\">\n\t\t\t\t<div class=\"elementor-widget-container\">\n\t\t\t\t\t\t\t<div class=\"elementor-divider\">\n\t\t\t<span class=\"elementor-divider-separator\">\n\t\t\t\t\t\t<\/span>\n\t\t<\/div>\n\t\t\t\t\t\t<\/div>\n\t\t\t\t<\/div>\n\t\t\t\t\t<\/div>\n\t\t<\/div>\n\t\t\t\t\t<\/div>\n\t\t<\/section>\n\t\t\t\t<section class=\"elementor-section elementor-top-section elementor-element elementor-element-624b6ff0 elementor-section-content-middle elementor-section-boxed elementor-section-height-default elementor-section-height-default\" data-id=\"624b6ff0\" data-element_type=\"section\" data-e-type=\"section\">\n\t\t\t\t\t\t<div class=\"elementor-container elementor-column-gap-no\">\n\t\t\t\t\t<div class=\"elementor-column elementor-col-100 elementor-top-column elementor-element elementor-element-712f2e84\" data-id=\"712f2e84\" data-element_type=\"column\" data-e-type=\"column\">\n\t\t\t<div class=\"elementor-widget-wrap elementor-element-populated\">\n\t\t\t\t\t\t<div class=\"elementor-element elementor-element-38c0a30e elementor-widget elementor-widget-heading\" data-id=\"38c0a30e\" data-element_type=\"widget\" data-e-type=\"widget\" data-widget_type=\"heading.default\">\n\t\t\t\t<div class=\"elementor-widget-container\">\n\t\t\t\t\t<h2 class=\"elementor-heading-title elementor-size-default\">HURRICANE<\/h2>\t\t\t\t<\/div>\n\t\t\t\t<\/div>\n\t\t\t\t<div class=\"elementor-element elementor-element-5f313df elementor-widget elementor-widget-heading\" data-id=\"5f313df\" data-element_type=\"widget\" data-e-type=\"widget\" data-widget_type=\"heading.default\">\n\t\t\t\t<div class=\"elementor-widget-container\">\n\t\t\t\t\t<h2 class=\"elementor-heading-title elementor-size-default\">DETALLES<\/h2>\t\t\t\t<\/div>\n\t\t\t\t<\/div>\n\t\t\t\t<section class=\"elementor-section elementor-inner-section elementor-element elementor-element-1cad161a elementor-section-content-top elementor-section-boxed elementor-section-height-default elementor-section-height-default\" data-id=\"1cad161a\" data-element_type=\"section\" data-e-type=\"section\">\n\t\t\t\t\t\t<div class=\"elementor-container elementor-column-gap-no\">\n\t\t\t\t\t<div class=\"elementor-column elementor-col-50 elementor-inner-column elementor-element elementor-element-8f37f94\" data-id=\"8f37f94\" data-element_type=\"column\" data-e-type=\"column\">\n\t\t\t<div class=\"elementor-widget-wrap elementor-element-populated\">\n\t\t\t\t\t\t<div class=\"elementor-element elementor-element-6498f900 elementor-widget elementor-widget-heading\" data-id=\"6498f900\" data-element_type=\"widget\" data-e-type=\"widget\" data-widget_type=\"heading.default\">\n\t\t\t\t<div class=\"elementor-widget-container\">\n\t\t\t\t\t<h2 class=\"elementor-heading-title elementor-size-default\">Especificaciones<\/h2>\t\t\t\t<\/div>\n\t\t\t\t<\/div>\n\t\t\t\t<div class=\"elementor-element elementor-element-64ed55c5 elementor-widget elementor-widget-text-editor\" data-id=\"64ed55c5\" data-element_type=\"widget\" data-e-type=\"widget\" data-widget_type=\"text-editor.default\">\n\t\t\t\t<div class=\"elementor-widget-container\">\n\t\t\t\t\t\t\t\t\t<ul>\n<li>~400 pies c\u00fabicos por minuto<\/li>\n<li>Vac\u00edo sellado de 9,5 a 10 inHg<\/li>\n<li>Puerto de entrada de acero roscado de 3\u2033<\/li>\n<li>Dimensiones: 34\u2033x 17,5\u2033x 17,5\u2033<\/li>\n<li>Sistema monof\u00e1sico 220 \u2013 240 VCA \/ 30 Amperios<\/li>\n<li>Enchufe NEMA L6-30P (especificaci\u00f3n de EE. UU. y Canad\u00e1)<\/li>\n<li>4 motores de vac\u00edo de alto rendimiento y larga duraci\u00f3n<\/li>\n<li>Peso de env\u00edo 250 libras<\/li>\n<\/ul>\t\t\t\t\t\t\t\t<\/div>\n\t\t\t\t<\/div>\n\t\t\t\t\t<\/div>\n\t\t<\/div>\n\t\t\t\t<div class=\"elementor-column elementor-col-50 elementor-inner-column elementor-element elementor-element-1cc8089\" data-id=\"1cc8089\" data-element_type=\"column\" data-e-type=\"column\">\n\t\t\t<div class=\"elementor-widget-wrap elementor-element-populated\">\n\t\t\t\t\t\t<div class=\"elementor-element elementor-element-5ef89e77 elementor-widget elementor-widget-heading\" data-id=\"5ef89e77\" data-element_type=\"widget\" data-e-type=\"widget\" data-widget_type=\"heading.default\">\n\t\t\t\t<div class=\"elementor-widget-container\">\n\t\t\t\t\t<h2 class=\"elementor-heading-title elementor-size-default\">Caracter\u00edsticas<\/h2>\t\t\t\t<\/div>\n\t\t\t\t<\/div>\n\t\t\t\t<div class=\"elementor-element elementor-element-7b829e8d elementor-widget elementor-widget-text-editor\" data-id=\"7b829e8d\" data-element_type=\"widget\" data-e-type=\"widget\" data-widget_type=\"text-editor.default\">\n\t\t\t\t<div class=\"elementor-widget-container\">\n\t\t\t\t\t\t\t\t\t<ul><li>Indicador de vacio integrado<\/li><li>Filtro de recipiente en l\u00ednea incluido<\/li><li>Acabado duradero con recubrimiento en polvo.<\/li><li>Sistema de v\u00e1lvula de alivio integrado<\/li><li>Nuevo y elegante dise\u00f1o industrial de acero s\u00f3lido<\/li><li>Interruptores de potencia con tecnolog\u00eda de disyunci\u00f3n<\/li><li>Sistema de ventilaci\u00f3n de aire de alto flujo con filtros reemplazables<\/li><li>Base de amortiguaci\u00f3n de sonido con puerto de escape roscado de 3\u2033<\/li><\/ul>\t\t\t\t\t\t\t\t<\/div>\n\t\t\t\t<\/div>\n\t\t\t\t\t<\/div>\n\t\t<\/div>\n\t\t\t\t\t<\/div>\n\t\t<\/section>\n\t\t\t\t\t<\/div>\n\t\t<\/div>\n\t\t\t\t\t<\/div>\n\t\t<\/section>\n\t\t\t\t<\/div>","protected":false},"excerpt":{"rendered":"<p>The Hurricane OUR FLAGSHIP The Hurricane Vacuum pump offers powerful vacuum hold down for full size CNC routers. This single phase vacuum pump gives customers without three phase power the same hold down capability as larger, more expensive three phase pumps at a fraction of the cost. The Hurricane OUR FLAGSHIP The Hurricane Vacuum pump [&hellip;]<\/p>\n","protected":false},"author":1,"featured_media":0,"parent":0,"menu_order":0,"comment_status":"closed","ping_status":"closed","template":"","meta":{"_seopress_robots_primary_cat":"0","_seopress_titles_title":"Hurricane | Cnc Vacuum Pump | Black Box Vacuum","_seopress_titles_desc":"Discover the power of the Hurricane CNC Vacuum Pump at Black Box Vacuum. Engineered for optimal vacuum hold down on full-size CNC routers, our Hurricane model ensures precision and efficiency. Shop now for advanced CNC vacuum solutions!","_seopress_robots_index":"","site-sidebar-layout":"no-sidebar","site-content-layout":"page-builder","ast-site-content-layout":"full-width-container","site-content-style":"unboxed","site-sidebar-style":"unboxed","ast-global-header-display":"","ast-banner-title-visibility":"","ast-main-header-display":"","ast-hfb-above-header-display":"","ast-hfb-below-header-display":"","ast-hfb-mobile-header-display":"","site-post-title":"disabled","ast-breadcrumbs-content":"","ast-featured-img":"disabled","footer-sml-layout":"","ast-disable-related-posts":"","theme-transparent-header-meta":"","adv-header-id-meta":"","stick-header-meta":"","header-above-stick-meta":"","header-main-stick-meta":"","header-below-stick-meta":"","astra-migrate-meta-layouts":"set","ast-page-background-enabled":"default","ast-page-background-meta":{"desktop":{"background-color":"","background-image":"","background-repeat":"repeat","background-position":"center center","background-size":"auto","background-attachment":"scroll","background-type":"","background-media":"","overlay-type":"","overlay-color":"","overlay-opacity":"","overlay-gradient":""},"tablet":{"background-color":"","background-image":"","background-repeat":"repeat","background-position":"center center","background-size":"auto","background-attachment":"scroll","background-type":"","background-media":"","overlay-type":"","overlay-color":"","overlay-opacity":"","overlay-gradient":""},"mobile":{"background-color":"","background-image":"","background-repeat":"repeat","background-position":"center center","background-size":"auto","background-attachment":"scroll","background-type":"","background-media":"","overlay-type":"","overlay-color":"","overlay-opacity":"","overlay-gradient":""}},"ast-content-background-meta":{"desktop":{"background-color":"var(--ast-global-color-5)","background-image":"","background-repeat":"repeat","background-position":"center center","background-size":"auto","background-attachment":"scroll","background-type":"","background-media":"","overlay-type":"","overlay-color":"","overlay-opacity":"","overlay-gradient":""},"tablet":{"background-color":"var(--ast-global-color-5)","background-image":"","background-repeat":"repeat","background-position":"center center","background-size":"auto","background-attachment":"scroll","background-type":"","background-media":"","overlay-type":"","overlay-color":"","overlay-opacity":"","overlay-gradient":""},"mobile":{"background-color":"var(--ast-global-color-5)","background-image":"","background-repeat":"repeat","background-position":"center center","background-size":"auto","background-attachment":"scroll","background-type":"","background-media":"","overlay-type":"","overlay-color":"","overlay-opacity":"","overlay-gradient":""}},"footnotes":""},"class_list":["post-709","page","type-page","status-publish","hentry"],"_links":{"self":[{"href":"https:\/\/blackboxvac.com\/es\/wp-json\/wp\/v2\/pages\/709","targetHints":{"allow":["GET"]}}],"collection":[{"href":"https:\/\/blackboxvac.com\/es\/wp-json\/wp\/v2\/pages"}],"about":[{"href":"https:\/\/blackboxvac.com\/es\/wp-json\/wp\/v2\/types\/page"}],"author":[{"embeddable":true,"href":"https:\/\/blackboxvac.com\/es\/wp-json\/wp\/v2\/users\/1"}],"replies":[{"embeddable":true,"href":"https:\/\/blackboxvac.com\/es\/wp-json\/wp\/v2\/comments?post=709"}],"version-history":[{"count":65,"href":"https:\/\/blackboxvac.com\/es\/wp-json\/wp\/v2\/pages\/709\/revisions"}],"predecessor-version":[{"id":9268,"href":"https:\/\/blackboxvac.com\/es\/wp-json\/wp\/v2\/pages\/709\/revisions\/9268"}],"wp:attachment":[{"href":"https:\/\/blackboxvac.com\/es\/wp-json\/wp\/v2\/media?parent=709"}],"curies":[{"name":"wp","href":"https:\/\/api.w.org\/{rel}","templated":true}]}}